{"id":10007,"date":"2023-11-12T12:42:19","date_gmt":"2023-11-12T12:42:19","guid":{"rendered":"https:\/\/www.galaxyoffice.vn\/?page_id=10007"},"modified":"2025-12-27T17:20:38","modified_gmt":"2025-12-27T10:20:38","slug":"quan-template","status":"publish","type":"page","link":"https:\/\/www.galaxyoffice.vn\/en\/quan-template\/","title":{"rendered":"[Core] Taxonomy Template"},"content":{"rendered":"<div class=\"row row-collapse align-middle vp-title-border\"  id=\"row-1405167119\">\n\n\n\t<div id=\"col-1450251323\" class=\"col medium-8 small-12 large-8\"  >\n\t\t\t\t<div class=\"col-inner\"  >\n\t\t\t\n\t\t\t\n\n<div class=\"container section-title-container\" style=\"margin-bottom:0px;\"><h3 class=\"section-title section-title-normal\"><b><\/b><span class=\"section-title-main\" >{{title}}<\/span><b><\/b><\/h3><\/div>\n\n\n\t\t<\/div>\n\t\t\t\t\t<\/div>\n\n\t\n\n\t<div id=\"col-407484036\" class=\"col medium-4 small-12 large-4\"  >\n\t\t\t\t<div class=\"col-inner\"  >\n\t\t\t\n\t\t\t\n\n<form method=\"get\" class=\"vp-filter-box\" action=\"\"><select name=\"sort_price\"><option value=\"\" selected>Arrange<\/option><option value=\"\">---<\/option><option value=\"asc\" >Low price &gt; high price<\/option><option value=\"desc\" >High price &gt; low price<\/option><\/select><select name=\"search_quan\" class=\"quan van-phong-tron-goi\"><option value=\"\" selected>Select District<\/option><option value=\"\">---<\/option><option value=\"66\" >Binh Chanh District<\/option><option value=\"19\" >District 1<\/option><option value=\"26\" >District 10<\/option><option value=\"27\" >District 11<\/option><option value=\"28\" >District 12<\/option><option value=\"20\" >District 2<\/option><option value=\"21\" >District 3<\/option><option value=\"22\" >District 4<\/option><option value=\"23\" >District 5<\/option><option value=\"24\" >District 7<\/option><option value=\"25\" >District 8<\/option><option value=\"29\" >Binh Thanh District<\/option><option value=\"33\" >G\u00f2 V\u1ea5p District<\/option><option value=\"30\" >Phu Nhuan District<\/option><option value=\"31\" >Tan Binh District<\/option><option value=\"32\" >Tan Phu District<\/option><option value=\"34\" >Thu Duc City<\/option><\/select><select name=\"search_hang\" class=\"hang  thuoc-tinh\"><option value=\"\" selected>Select Class<\/option><option value=\"\">---<\/option><option value=\"40\" >Low-Cost Office<\/option><option value=\"37\" >Class A office<\/option><option value=\"38\" >B-grade office<\/option><option value=\"39\" >Class C office<\/option><\/select><button type=\"submit\"><svg xmlns=\"http:\/\/www.w3.org\/2000\/svg\" viewbox=\"0 0 20 20\" fill=\"currentColor\" class=\"w-5 h-5\"><path fill-rule=\"evenodd\" d=\"M2.628 1.601C5.028 1.206 7.49 1 10 1s4.973.206 7.372.601a.75.75 0 01.628.74v2.288a2.25 2.25 0 01-.659 1.59l-4.682 4.683a2.25 2.25 0 00-.659 1.59v3.037c0 .684-.31 1.33-.844 1.757l-1.937 1.55A.75.75 0 018 18.25v-5.757a2.25 2.25 0 00-.659-1.591L2.659 6.22A2.25 2.25 0 012 4.629V2.34a.75.75 0 01.628-.74z\" clip-rule=\"evenodd\" \/><\/svg><\/button><input type=\"hidden\" name=\"trp-form-language\" value=\"en\"\/><\/form>\n\n\t\t<\/div>\n\t\t\t\t\t<\/div>\n\n\t\n\n<\/div>\n\t<div id=\"text-2142506452\" class=\"text\">\n\t\t\n\n<p><i>{{addition_description}}<\/i><\/p>\n\n\t\t\n<style>\n#text-2142506452 {\n  font-size: 0.9rem;\n}\n<\/style>\n\t<\/div>\n\t\n<div class=\"row row-small vp-list\"  id=\"row-1422542311\">\n\n<p>{{content}}<\/p>\n\n<\/div>","protected":false},"excerpt":{"rendered":"","protected":false},"author":1,"featured_media":0,"parent":0,"menu_order":0,"comment_status":"closed","ping_status":"closed","template":"","meta":{"footnotes":""},"acf":[],"yoast_head":"<!-- This site is optimized with the Yoast SEO plugin v21.5 - https:\/\/yoast.com\/wordpress\/plugins\/seo\/ -->\n<title>[Core] Taxonomy Template | Galaxy Office<\/title>\n<meta name=\"robots\" content=\"index, follow, max-snippet:-1, max-image-preview:large, max-video-preview:-1\" \/>\n<link rel=\"canonical\" href=\"https:\/\/www.galaxyoffice.vn\/en\/quan-template\/\" \/>\n<meta property=\"og:locale\" content=\"en_US\" \/>\n<meta property=\"og:type\" content=\"article\" \/>\n<meta property=\"og:title\" content=\"[Core] Taxonomy Template | Galaxy Office\" \/>\n<meta property=\"og:url\" content=\"https:\/\/www.galaxyoffice.vn\/en\/quan-template\/\" \/>\n<meta property=\"og:site_name\" content=\"Galaxy Office\" \/>\n<meta property=\"article:publisher\" content=\"https:\/\/www.facebook.com\/galaxyofficevn\" \/>\n<meta property=\"article:modified_time\" content=\"2025-12-27T10:20:38+00:00\" \/>\n<meta property=\"og:image\" content=\"https:\/\/www.galaxyoffice.vn\/wp-content\/uploads\/2023\/12\/GA.png\" \/>\n\t<meta property=\"og:image:width\" content=\"1000\" \/>\n\t<meta property=\"og:image:height\" content=\"1000\" \/>\n\t<meta property=\"og:image:type\" content=\"image\/png\" \/>\n<meta name=\"twitter:card\" content=\"summary_large_image\" \/>\n<meta name=\"twitter:label1\" content=\"Est. reading time\" \/>\n\t<meta name=\"twitter:data1\" content=\"1 minute\" \/>\n<script type=\"application\/ld+json\" class=\"yoast-schema-graph\">{\"@context\":\"https:\/\/schema.org\",\"@graph\":[{\"@type\":\"WebPage\",\"@id\":\"https:\/\/www.galaxyoffice.vn\/quan-template\/\",\"url\":\"https:\/\/www.galaxyoffice.vn\/quan-template\/\",\"name\":\"[Core] Taxonomy Template | Galaxy Office\",\"isPartOf\":{\"@id\":\"https:\/\/www.galaxyoffice.vn\/#website\"},\"datePublished\":\"2023-11-12T12:42:19+00:00\",\"dateModified\":\"2025-12-27T10:20:38+00:00\",\"breadcrumb\":{\"@id\":\"https:\/\/www.galaxyoffice.vn\/quan-template\/#breadcrumb\"},\"inLanguage\":\"en-US\",\"potentialAction\":[{\"@type\":\"ReadAction\",\"target\":[\"https:\/\/www.galaxyoffice.vn\/quan-template\/\"]}]},{\"@type\":\"BreadcrumbList\",\"@id\":\"https:\/\/www.galaxyoffice.vn\/quan-template\/#breadcrumb\",\"itemListElement\":[{\"@type\":\"ListItem\",\"position\":1,\"name\":\"Trang ch\u1ee7\",\"item\":\"https:\/\/www.galaxyoffice.vn\/\"},{\"@type\":\"ListItem\",\"position\":2,\"name\":\"[Core] Taxonomy Template\"}]},{\"@type\":\"WebSite\",\"@id\":\"https:\/\/www.galaxyoffice.vn\/#website\",\"url\":\"https:\/\/www.galaxyoffice.vn\/\",\"name\":\"Galaxy Office | Cho thu\u00ea v\u0103n ph\u00f2ng TPHCM\",\"description\":\"Cho thu\u00ea v\u0103n ph\u00f2ng\",\"publisher\":{\"@id\":\"https:\/\/www.galaxyoffice.vn\/#organization\"},\"alternateName\":\"Galaxy Office\",\"potentialAction\":[{\"@type\":\"SearchAction\",\"target\":{\"@type\":\"EntryPoint\",\"urlTemplate\":\"https:\/\/www.galaxyoffice.vn\/?s={search_term_string}\"},\"query-input\":\"required name=search_term_string\"}],\"inLanguage\":\"en-US\"},{\"@type\":\"Organization\",\"@id\":\"https:\/\/www.galaxyoffice.vn\/#organization\",\"name\":\"Galaxy Office | Cho thu\u00ea v\u0103n ph\u00f2ng TPHCM\",\"alternateName\":\"Galaxy Office\",\"url\":\"https:\/\/www.galaxyoffice.vn\/\",\"logo\":{\"@type\":\"ImageObject\",\"inLanguage\":\"en-US\",\"@id\":\"https:\/\/www.galaxyoffice.vn\/#\/schema\/logo\/image\/\",\"url\":\"https:\/\/www.galaxyoffice.vn\/wp-content\/uploads\/2023\/11\/GalaxyArtboard-1logo_NOBG-e1700366593952.png\",\"contentUrl\":\"https:\/\/www.galaxyoffice.vn\/wp-content\/uploads\/2023\/11\/GalaxyArtboard-1logo_NOBG-e1700366593952.png\",\"width\":2517,\"height\":1090,\"caption\":\"Galaxy Office | Cho thu\u00ea v\u0103n ph\u00f2ng TPHCM\"},\"image\":{\"@id\":\"https:\/\/www.galaxyoffice.vn\/#\/schema\/logo\/image\/\"},\"sameAs\":[\"https:\/\/www.facebook.com\/galaxyofficevn\",\"https:\/\/www.linkedin.com\/company\/galaxy-office\"]}]}<\/script>\n<!-- \/ Yoast SEO plugin. -->","yoast_head_json":{"title":"[Core] Taxonomy Template | Galaxy Office","robots":{"index":"index","follow":"follow","max-snippet":"max-snippet:-1","max-image-preview":"max-image-preview:large","max-video-preview":"max-video-preview:-1"},"canonical":"https:\/\/www.galaxyoffice.vn\/en\/quan-template\/","og_locale":"en_US","og_type":"article","og_title":"[Core] Taxonomy Template | Galaxy Office","og_url":"https:\/\/www.galaxyoffice.vn\/en\/quan-template\/","og_site_name":"Galaxy Office","article_publisher":"https:\/\/www.facebook.com\/galaxyofficevn","article_modified_time":"2025-12-27T10:20:38+00:00","og_image":[{"width":1000,"height":1000,"url":"https:\/\/www.galaxyoffice.vn\/wp-content\/uploads\/2023\/12\/GA.png","type":"image\/png"}],"twitter_card":"summary_large_image","twitter_misc":{"Est. reading time":"1 minute"},"schema":{"@context":"https:\/\/schema.org","@graph":[{"@type":"WebPage","@id":"https:\/\/www.galaxyoffice.vn\/quan-template\/","url":"https:\/\/www.galaxyoffice.vn\/quan-template\/","name":"[Core] Taxonomy Template | Galaxy Office","isPartOf":{"@id":"https:\/\/www.galaxyoffice.vn\/#website"},"datePublished":"2023-11-12T12:42:19+00:00","dateModified":"2025-12-27T10:20:38+00:00","breadcrumb":{"@id":"https:\/\/www.galaxyoffice.vn\/quan-template\/#breadcrumb"},"inLanguage":"en-US","potentialAction":[{"@type":"ReadAction","target":["https:\/\/www.galaxyoffice.vn\/quan-template\/"]}]},{"@type":"BreadcrumbList","@id":"https:\/\/www.galaxyoffice.vn\/quan-template\/#breadcrumb","itemListElement":[{"@type":"ListItem","position":1,"name":"Trang ch\u1ee7","item":"https:\/\/www.galaxyoffice.vn\/"},{"@type":"ListItem","position":2,"name":"[Core] Taxonomy Template"}]},{"@type":"WebSite","@id":"https:\/\/www.galaxyoffice.vn\/#website","url":"https:\/\/www.galaxyoffice.vn\/","name":"Galaxy Office | Cho thu\u00ea v\u0103n ph\u00f2ng TPHCM","description":"Cho thu\u00ea v\u0103n ph\u00f2ng","publisher":{"@id":"https:\/\/www.galaxyoffice.vn\/#organization"},"alternateName":"Galaxy Office","potentialAction":[{"@type":"SearchAction","target":{"@type":"EntryPoint","urlTemplate":"https:\/\/www.galaxyoffice.vn\/?s={search_term_string}"},"query-input":"required name=search_term_string"}],"inLanguage":"en-US"},{"@type":"Organization","@id":"https:\/\/www.galaxyoffice.vn\/#organization","name":"Galaxy Office | Cho thu\u00ea v\u0103n ph\u00f2ng TPHCM","alternateName":"Galaxy Office","url":"https:\/\/www.galaxyoffice.vn\/","logo":{"@type":"ImageObject","inLanguage":"en-US","@id":"https:\/\/www.galaxyoffice.vn\/#\/schema\/logo\/image\/","url":"https:\/\/www.galaxyoffice.vn\/wp-content\/uploads\/2023\/11\/GalaxyArtboard-1logo_NOBG-e1700366593952.png","contentUrl":"https:\/\/www.galaxyoffice.vn\/wp-content\/uploads\/2023\/11\/GalaxyArtboard-1logo_NOBG-e1700366593952.png","width":2517,"height":1090,"caption":"Galaxy Office | Cho thu\u00ea v\u0103n ph\u00f2ng TPHCM"},"image":{"@id":"https:\/\/www.galaxyoffice.vn\/#\/schema\/logo\/image\/"},"sameAs":["https:\/\/www.facebook.com\/galaxyofficevn","https:\/\/www.linkedin.com\/company\/galaxy-office"]}]}},"_links":{"self":[{"href":"https:\/\/www.galaxyoffice.vn\/en\/wp-json\/wp\/v2\/pages\/10007"}],"collection":[{"href":"https:\/\/www.galaxyoffice.vn\/en\/wp-json\/wp\/v2\/pages"}],"about":[{"href":"https:\/\/www.galaxyoffice.vn\/en\/wp-json\/wp\/v2\/types\/page"}],"author":[{"embeddable":true,"href":"https:\/\/www.galaxyoffice.vn\/en\/wp-json\/wp\/v2\/users\/1"}],"replies":[{"embeddable":true,"href":"https:\/\/www.galaxyoffice.vn\/en\/wp-json\/wp\/v2\/comments?post=10007"}],"version-history":[{"count":18,"href":"https:\/\/www.galaxyoffice.vn\/en\/wp-json\/wp\/v2\/pages\/10007\/revisions"}],"predecessor-version":[{"id":28193,"href":"https:\/\/www.galaxyoffice.vn\/en\/wp-json\/wp\/v2\/pages\/10007\/revisions\/28193"}],"wp:attachment":[{"href":"https:\/\/www.galaxyoffice.vn\/en\/wp-json\/wp\/v2\/media?parent=10007"}],"curies":[{"name":"wp","href":"https:\/\/api.w.org\/{rel}","templated":true}]}}