{"id":10414,"date":"2023-11-16T03:24:35","date_gmt":"2023-11-16T03:24:35","guid":{"rendered":"https:\/\/heron-flowing-owl.ngrok-free.app\/?page_id=10414"},"modified":"2025-05-14T10:32:08","modified_gmt":"2025-05-14T03:32:08","slug":"company-profile","status":"publish","type":"page","link":"https:\/\/www.galaxyoffice.vn\/en\/company-profile\/","title":{"rendered":"Galaxy Office Capability Profile"},"content":{"rendered":"<div id=\"page-header-880268858\" class=\"page-header-wrapper\">\n  <div class=\"page-title dark featured-title\">\n\n    \n    <div class=\"page-title-inner container align-center flex-row medium-flex-wrap\" >\n              <div class=\"title-wrapper flex-col text-left medium-text-center\">\n          <h1 class=\"entry-title mb-0\">\n            Galaxy Office Capability Profile          <\/h1>\n        <\/div>\n                    <div class=\"title-content flex-col flex-right text-right medium-text-center\">\n        <div class=\"title-breadcrumbs pb-half pt-half\"><\/div>      <\/div>\n    <\/div>\n\n       <\/div>\n    <\/div>\n  \n\n\t<section class=\"section is-full-height\" id=\"section_1746667298\">\n\t\t<div class=\"bg section-bg fill bg-fill bg-loaded bg-loaded\" >\n\n\t\t\t\n\t\t\t\n\t\t\t\n\n\t\t<\/div>\n\n\t\t\n\n\t\t<div class=\"section-content relative\">\n\t\t\t\n\n<div class=\"row\"  id=\"row-1596164694\">\n\n\n\t<div id=\"col-1277794105\" class=\"col small-12 large-12\"  >\n\t\t\t\t<div class=\"col-inner\"  >\n\t\t\t\n\t\t\t\n\n<div class=\"_df_book df-lite\" id=\"df_10416\"  data-title=\"company-profile\" _slug=\"10416\" wpoptions=\"true\" thumbtype=\"bg\" ><\/div><script class=\"df-shortcode-script\" type=\"application\/javascript\">window.option_df_10416 = {\"outline\":[],\"backgroundColor\":\"#ffffff\",\"forceFit\":\"true\",\"autoEnableOutline\":\"false\",\"autoEnableThumbnail\":\"false\",\"overwritePDFOutline\":\"false\",\"direction\":\"1\",\"pageSize\":\"0\",\"source\":\"https:\\\/\\\/www.galaxyoffice.vn\\\/wp-content\\\/uploads\\\/2023\\\/11\\\/Profile-Galaxy-Office-04.2025_compressed.pdf\",\"wpOptions\":\"true\"}; if(window.DFLIP && window.DFLIP.parseBooks){window.DFLIP.parseBooks();}<\/script>\n\n\t\t<\/div>\n\t\t\t\t\t<\/div>\n\n\t\n\n<\/div>\n\n\t\t<\/div>\n\n\t\t\n<style>\n#section_1746667298 {\n  padding-top: 30px;\n  padding-bottom: 30px;\n  min-height: 100vh;\n}\n<\/style>\n\t<\/section>\n\t\n\n\n\n<p><strong>Company Profile: Galaxy Office<\/strong> \u2013 a comprehensive overview of our capabilities, services, and core values in the field <a href=\"https:\/\/www.galaxyoffice.vn\/en\/\">office rental<\/a> In Ho Chi Minh City. Galaxy Office specializes in providing flexible solutions such as fully-equipped offices, virtual offices, shared offices, and workstations. We cater to the diverse needs of modern businesses. We continuously innovate, invest in modern facilities, and maintain a professional team to deliver the best working experience.<\/p>\n\n\n\n<p>With over 10 years of experience, we have built a diverse and extensive network of offices throughout the city, from central areas to outlying districts. This allows us to meet all our clients' needs, from newly established businesses to large companies expanding their operations.<\/p>\n\n\n\n<p>At Galaxy Office, we don't just provide you with a workspace. We also offer a vibrant and dynamic business community. We always create opportunities for businesses to collaborate, share ideas, and create new business opportunities.<\/p>\n\n\n\n<figure class=\"wp-block-image aligncenter size-large is-resized\"><img loading=\"lazy\" decoding=\"async\" width=\"1024\" height=\"740\" src=\"https:\/\/www.galaxyoffice.vn\/wp-content\/uploads\/2025\/05\/company-profile-galaxy-1024x740.jpg\" alt=\"Company Profile Galaxy Office -  \u0110\u01a1n v\u1ecb h\u00e0ng \u0111\u1ea7u cung c\u1ea5p d\u1ecbch v\u1ee5 v\u0103n ph\u00f2ng cho thu\u00ea, thi\u1ebft k\u1ebf - thi c\u00f4ng n\u1ed9i th\u1ea5t h\u00e0ng \u0111\u1ea7u t\u1ea1i TP.HCM. \" class=\"wp-image-24422\" style=\"width:834px;height:auto\" srcset=\"https:\/\/www.galaxyoffice.vn\/wp-content\/uploads\/2025\/05\/company-profile-galaxy-1024x740.jpg 1024w, https:\/\/www.galaxyoffice.vn\/wp-content\/uploads\/2025\/05\/company-profile-galaxy-300x217.jpg 300w, https:\/\/www.galaxyoffice.vn\/wp-content\/uploads\/2025\/05\/company-profile-galaxy-768x555.jpg 768w, https:\/\/www.galaxyoffice.vn\/wp-content\/uploads\/2025\/05\/company-profile-galaxy-1536x1110.jpg 1536w, https:\/\/www.galaxyoffice.vn\/wp-content\/uploads\/2025\/05\/company-profile-galaxy.jpg 2048w\" sizes=\"(max-width: 1024px) 100vw, 1024px\" \/><figcaption class=\"wp-element-caption\">Company Profile: Galaxy Office<\/figcaption><\/figure>\n\n\n\n<p><strong>Contact information:<\/strong><\/p>\n\n\n\n<ul>\n<li>Headquarters: 9th Floor, Diamond Plaza Building, 34 Le Duan Street, Ben Nghe Ward, District 1, Ho Chi Minh City.<\/li>\n\n\n\n<li>Branch: <a href=\"https:\/\/maps.app.goo.gl\/Hd3doRrPPaQV7Qta7\">4th Floor, Van Loi Building, 24 Dang Thai Mai Street, Ward 7, Phu Nhuan District, Ho Chi Minh City.<\/a><\/li>\n\n\n\n<li>Hotline: 0939.663.882<\/li>\n\n\n\n<li>Email: info@galaxyoffice.vn<\/li>\n<\/ul>","protected":false},"excerpt":{"rendered":"<p>Company Profile Galaxy Office &#8211; b\u1ea3n t\u00f3m l\u01b0\u1ee3c \u0111\u1ea7y \u0111\u1ee7 v\u1ec1 n\u0103ng l\u1ef1c, d\u1ecbch v\u1ee5 v\u00e0 gi\u00e1 tr\u1ecb c\u1ed1t l\u00f5i m\u00e0 ch\u00fang t\u00f4i mang \u0111\u1ebfn trong l\u0129nh v\u1ef1c cho thu\u00ea v\u0103n ph\u00f2ng t\u1ea1i TP.HCM. Galaxy Office chuy\u00ean cung c\u1ea5p c\u00e1c gi\u1ea3i ph\u00e1p linh ho\u1ea1t nh\u01b0 v\u0103n ph\u00f2ng tr\u1ecdn g\u00f3i, v\u0103n ph\u00f2ng \u1ea3o, v\u0103n ph\u00f2ng chia&#8230;<\/p>","protected":false},"author":1,"featured_media":0,"parent":0,"menu_order":0,"comment_status":"closed","ping_status":"closed","template":"page-blank.php","meta":{"footnotes":""},"acf":[],"yoast_head":"<!-- This site is optimized with the Yoast SEO plugin v21.5 - https:\/\/yoast.com\/wordpress\/plugins\/seo\/ -->\n<title>Company Profile - H\u1ed3 s\u01a1 n\u0103ng l\u1ef1c Galaxy Office<\/title>\n<meta name=\"description\" content=\"Company Profile Galaxy Office - \u0110\u01a1n v\u1ecb h\u00e0ng \u0111\u1ea7u cung c\u1ea5p d\u1ecbch v\u1ee5 v\u0103n ph\u00f2ng cho thu\u00ea, thi\u1ebft k\u1ebf - thi c\u00f4ng n\u1ed9i th\u1ea5t h\u00e0ng \u0111\u1ea7u t\u1ea1i TP.HCM.\" \/>\n<meta name=\"robots\" content=\"index, follow, max-snippet:-1, max-image-preview:large, max-video-preview:-1\" \/>\n<link rel=\"canonical\" href=\"https:\/\/www.galaxyoffice.vn\/en\/company-profile\/\" \/>\n<meta property=\"og:locale\" content=\"en_US\" \/>\n<meta property=\"og:type\" content=\"article\" \/>\n<meta property=\"og:title\" content=\"Company Profile - H\u1ed3 s\u01a1 n\u0103ng l\u1ef1c Galaxy Office\" \/>\n<meta property=\"og:description\" content=\"Company Profile Galaxy Office - \u0110\u01a1n v\u1ecb h\u00e0ng \u0111\u1ea7u cung c\u1ea5p d\u1ecbch v\u1ee5 v\u0103n ph\u00f2ng cho thu\u00ea, thi\u1ebft k\u1ebf - thi c\u00f4ng n\u1ed9i th\u1ea5t h\u00e0ng \u0111\u1ea7u t\u1ea1i TP.HCM.\" \/>\n<meta property=\"og:url\" content=\"https:\/\/www.galaxyoffice.vn\/en\/company-profile\/\" \/>\n<meta property=\"og:site_name\" content=\"Galaxy Office\" \/>\n<meta property=\"article:publisher\" content=\"https:\/\/www.facebook.com\/galaxyofficevn\" \/>\n<meta property=\"article:modified_time\" content=\"2025-05-14T03:32:08+00:00\" \/>\n<meta property=\"og:image\" content=\"https:\/\/www.galaxyoffice.vn\/wp-content\/uploads\/2025\/05\/company-profile-galaxy.jpg\" \/>\n\t<meta property=\"og:image:width\" content=\"2048\" \/>\n\t<meta property=\"og:image:height\" content=\"1480\" \/>\n\t<meta property=\"og:image:type\" content=\"image\/jpeg\" \/>\n<meta name=\"twitter:card\" content=\"summary_large_image\" \/>\n<meta name=\"twitter:label1\" content=\"Est. reading time\" \/>\n\t<meta name=\"twitter:data1\" content=\"2 minutes\" \/>\n<script type=\"application\/ld+json\" class=\"yoast-schema-graph\">{\"@context\":\"https:\/\/schema.org\",\"@graph\":[{\"@type\":\"WebPage\",\"@id\":\"https:\/\/www.galaxyoffice.vn\/company-profile\/\",\"url\":\"https:\/\/www.galaxyoffice.vn\/company-profile\/\",\"name\":\"Company Profile - H\u1ed3 s\u01a1 n\u0103ng l\u1ef1c Galaxy Office\",\"isPartOf\":{\"@id\":\"https:\/\/www.galaxyoffice.vn\/#website\"},\"datePublished\":\"2023-11-16T03:24:35+00:00\",\"dateModified\":\"2025-05-14T03:32:08+00:00\",\"description\":\"Company Profile Galaxy Office - \u0110\u01a1n v\u1ecb h\u00e0ng \u0111\u1ea7u cung c\u1ea5p d\u1ecbch v\u1ee5 v\u0103n ph\u00f2ng cho thu\u00ea, thi\u1ebft k\u1ebf - thi c\u00f4ng n\u1ed9i th\u1ea5t h\u00e0ng \u0111\u1ea7u t\u1ea1i TP.HCM.\",\"breadcrumb\":{\"@id\":\"https:\/\/www.galaxyoffice.vn\/company-profile\/#breadcrumb\"},\"inLanguage\":\"en-US\",\"potentialAction\":[{\"@type\":\"ReadAction\",\"target\":[\"https:\/\/www.galaxyoffice.vn\/company-profile\/\"]}]},{\"@type\":\"BreadcrumbList\",\"@id\":\"https:\/\/www.galaxyoffice.vn\/company-profile\/#breadcrumb\",\"itemListElement\":[{\"@type\":\"ListItem\",\"position\":1,\"name\":\"Trang ch\u1ee7\",\"item\":\"https:\/\/www.galaxyoffice.vn\/\"},{\"@type\":\"ListItem\",\"position\":2,\"name\":\"H\u1ed3 s\u01a1 n\u0103ng l\u1ef1c Galaxy Office\"}]},{\"@type\":\"WebSite\",\"@id\":\"https:\/\/www.galaxyoffice.vn\/#website\",\"url\":\"https:\/\/www.galaxyoffice.vn\/\",\"name\":\"Galaxy Office | Cho thu\u00ea v\u0103n ph\u00f2ng TPHCM\",\"description\":\"Cho thu\u00ea v\u0103n ph\u00f2ng\",\"publisher\":{\"@id\":\"https:\/\/www.galaxyoffice.vn\/#organization\"},\"alternateName\":\"Galaxy Office\",\"potentialAction\":[{\"@type\":\"SearchAction\",\"target\":{\"@type\":\"EntryPoint\",\"urlTemplate\":\"https:\/\/www.galaxyoffice.vn\/?s={search_term_string}\"},\"query-input\":\"required name=search_term_string\"}],\"inLanguage\":\"en-US\"},{\"@type\":\"Organization\",\"@id\":\"https:\/\/www.galaxyoffice.vn\/#organization\",\"name\":\"Galaxy Office | Cho thu\u00ea v\u0103n ph\u00f2ng TPHCM\",\"alternateName\":\"Galaxy Office\",\"url\":\"https:\/\/www.galaxyoffice.vn\/\",\"logo\":{\"@type\":\"ImageObject\",\"inLanguage\":\"en-US\",\"@id\":\"https:\/\/www.galaxyoffice.vn\/#\/schema\/logo\/image\/\",\"url\":\"https:\/\/www.galaxyoffice.vn\/wp-content\/uploads\/2023\/11\/GalaxyArtboard-1logo_NOBG-e1700366593952.png\",\"contentUrl\":\"https:\/\/www.galaxyoffice.vn\/wp-content\/uploads\/2023\/11\/GalaxyArtboard-1logo_NOBG-e1700366593952.png\",\"width\":2517,\"height\":1090,\"caption\":\"Galaxy Office | Cho thu\u00ea v\u0103n ph\u00f2ng TPHCM\"},\"image\":{\"@id\":\"https:\/\/www.galaxyoffice.vn\/#\/schema\/logo\/image\/\"},\"sameAs\":[\"https:\/\/www.facebook.com\/galaxyofficevn\",\"https:\/\/www.linkedin.com\/company\/galaxy-office\"]}]}<\/script>\n<!-- \/ Yoast SEO plugin. -->","yoast_head_json":{"title":"Company Profile - H\u1ed3 s\u01a1 n\u0103ng l\u1ef1c Galaxy Office","description":"Company Profile Galaxy Office - \u0110\u01a1n v\u1ecb h\u00e0ng \u0111\u1ea7u cung c\u1ea5p d\u1ecbch v\u1ee5 v\u0103n ph\u00f2ng cho thu\u00ea, thi\u1ebft k\u1ebf - thi c\u00f4ng n\u1ed9i th\u1ea5t h\u00e0ng \u0111\u1ea7u t\u1ea1i TP.HCM.","robots":{"index":"index","follow":"follow","max-snippet":"max-snippet:-1","max-image-preview":"max-image-preview:large","max-video-preview":"max-video-preview:-1"},"canonical":"https:\/\/www.galaxyoffice.vn\/en\/company-profile\/","og_locale":"en_US","og_type":"article","og_title":"Company Profile - H\u1ed3 s\u01a1 n\u0103ng l\u1ef1c Galaxy Office","og_description":"Company Profile Galaxy Office - \u0110\u01a1n v\u1ecb h\u00e0ng \u0111\u1ea7u cung c\u1ea5p d\u1ecbch v\u1ee5 v\u0103n ph\u00f2ng cho thu\u00ea, thi\u1ebft k\u1ebf - thi c\u00f4ng n\u1ed9i th\u1ea5t h\u00e0ng \u0111\u1ea7u t\u1ea1i TP.HCM.","og_url":"https:\/\/www.galaxyoffice.vn\/en\/company-profile\/","og_site_name":"Galaxy Office","article_publisher":"https:\/\/www.facebook.com\/galaxyofficevn","article_modified_time":"2025-05-14T03:32:08+00:00","og_image":[{"width":2048,"height":1480,"url":"https:\/\/www.galaxyoffice.vn\/wp-content\/uploads\/2025\/05\/company-profile-galaxy.jpg","type":"image\/jpeg"}],"twitter_card":"summary_large_image","twitter_misc":{"Est. reading time":"2 minutes"},"schema":{"@context":"https:\/\/schema.org","@graph":[{"@type":"WebPage","@id":"https:\/\/www.galaxyoffice.vn\/company-profile\/","url":"https:\/\/www.galaxyoffice.vn\/company-profile\/","name":"Company Profile - H\u1ed3 s\u01a1 n\u0103ng l\u1ef1c Galaxy Office","isPartOf":{"@id":"https:\/\/www.galaxyoffice.vn\/#website"},"datePublished":"2023-11-16T03:24:35+00:00","dateModified":"2025-05-14T03:32:08+00:00","description":"Company Profile Galaxy Office - \u0110\u01a1n v\u1ecb h\u00e0ng \u0111\u1ea7u cung c\u1ea5p d\u1ecbch v\u1ee5 v\u0103n ph\u00f2ng cho thu\u00ea, thi\u1ebft k\u1ebf - thi c\u00f4ng n\u1ed9i th\u1ea5t h\u00e0ng \u0111\u1ea7u t\u1ea1i TP.HCM.","breadcrumb":{"@id":"https:\/\/www.galaxyoffice.vn\/company-profile\/#breadcrumb"},"inLanguage":"en-US","potentialAction":[{"@type":"ReadAction","target":["https:\/\/www.galaxyoffice.vn\/company-profile\/"]}]},{"@type":"BreadcrumbList","@id":"https:\/\/www.galaxyoffice.vn\/company-profile\/#breadcrumb","itemListElement":[{"@type":"ListItem","position":1,"name":"Trang ch\u1ee7","item":"https:\/\/www.galaxyoffice.vn\/"},{"@type":"ListItem","position":2,"name":"H\u1ed3 s\u01a1 n\u0103ng l\u1ef1c Galaxy Office"}]},{"@type":"WebSite","@id":"https:\/\/www.galaxyoffice.vn\/#website","url":"https:\/\/www.galaxyoffice.vn\/","name":"Galaxy Office | Cho thu\u00ea v\u0103n ph\u00f2ng TPHCM","description":"Cho thu\u00ea v\u0103n ph\u00f2ng","publisher":{"@id":"https:\/\/www.galaxyoffice.vn\/#organization"},"alternateName":"Galaxy Office","potentialAction":[{"@type":"SearchAction","target":{"@type":"EntryPoint","urlTemplate":"https:\/\/www.galaxyoffice.vn\/?s={search_term_string}"},"query-input":"required name=search_term_string"}],"inLanguage":"en-US"},{"@type":"Organization","@id":"https:\/\/www.galaxyoffice.vn\/#organization","name":"Galaxy Office | Cho thu\u00ea v\u0103n ph\u00f2ng TPHCM","alternateName":"Galaxy Office","url":"https:\/\/www.galaxyoffice.vn\/","logo":{"@type":"ImageObject","inLanguage":"en-US","@id":"https:\/\/www.galaxyoffice.vn\/#\/schema\/logo\/image\/","url":"https:\/\/www.galaxyoffice.vn\/wp-content\/uploads\/2023\/11\/GalaxyArtboard-1logo_NOBG-e1700366593952.png","contentUrl":"https:\/\/www.galaxyoffice.vn\/wp-content\/uploads\/2023\/11\/GalaxyArtboard-1logo_NOBG-e1700366593952.png","width":2517,"height":1090,"caption":"Galaxy Office | Cho thu\u00ea v\u0103n ph\u00f2ng TPHCM"},"image":{"@id":"https:\/\/www.galaxyoffice.vn\/#\/schema\/logo\/image\/"},"sameAs":["https:\/\/www.facebook.com\/galaxyofficevn","https:\/\/www.linkedin.com\/company\/galaxy-office"]}]}},"_links":{"self":[{"href":"https:\/\/www.galaxyoffice.vn\/en\/wp-json\/wp\/v2\/pages\/10414"}],"collection":[{"href":"https:\/\/www.galaxyoffice.vn\/en\/wp-json\/wp\/v2\/pages"}],"about":[{"href":"https:\/\/www.galaxyoffice.vn\/en\/wp-json\/wp\/v2\/types\/page"}],"author":[{"embeddable":true,"href":"https:\/\/www.galaxyoffice.vn\/en\/wp-json\/wp\/v2\/users\/1"}],"replies":[{"embeddable":true,"href":"https:\/\/www.galaxyoffice.vn\/en\/wp-json\/wp\/v2\/comments?post=10414"}],"version-history":[{"count":10,"href":"https:\/\/www.galaxyoffice.vn\/en\/wp-json\/wp\/v2\/pages\/10414\/revisions"}],"predecessor-version":[{"id":24424,"href":"https:\/\/www.galaxyoffice.vn\/en\/wp-json\/wp\/v2\/pages\/10414\/revisions\/24424"}],"wp:attachment":[{"href":"https:\/\/www.galaxyoffice.vn\/en\/wp-json\/wp\/v2\/media?parent=10414"}],"curies":[{"name":"wp","href":"https:\/\/api.w.org\/{rel}","templated":true}]}}