{"id":10521,"date":"2023-11-19T01:07:56","date_gmt":"2023-11-19T01:07:56","guid":{"rendered":"https:\/\/heron-flowing-owl.ngrok-free.app\/?page_id=10521"},"modified":"2025-04-15T14:54:30","modified_gmt":"2025-04-15T07:54:30","slug":"ban-lanh-dao","status":"publish","type":"page","link":"https:\/\/www.galaxyoffice.vn\/en\/ban-lanh-dao\/","title":{"rendered":"Leadership"},"content":{"rendered":"<div id=\"page-header-684515728\" class=\"page-header-wrapper\">\n  <div class=\"page-title dark featured-title\">\n\n    \n    <div class=\"page-title-inner container align-center flex-row medium-flex-wrap\" >\n              <div class=\"title-wrapper flex-col text-left medium-text-center\">\n          <h1 class=\"entry-title mb-0\">\n            Leadership          <\/h1>\n        <\/div>\n                    <div class=\"title-content flex-col flex-right text-right medium-text-center\">\n        <div class=\"title-breadcrumbs pb-half pt-half\"><\/div>      <\/div>\n    <\/div>\n\n       <\/div>\n    <\/div>\n  \n\n\t<section class=\"section\" id=\"section_964159141\">\n\t\t<div class=\"bg section-bg fill bg-fill bg-loaded bg-loaded\" >\n\n\t\t\t\n\t\t\t\n\t\t\t\n\n\t\t<\/div>\n\n\t\t\n\n\t\t<div class=\"section-content relative\">\n\t\t\t\n\n<div class=\"row row-small align-bottom align-center\"  id=\"row-1600104282\">\n\n\n\t<div id=\"col-1368039365\" class=\"col medium-6 small-12 large-6\"  >\n\t\t\t\t<div class=\"col-inner\"  >\n\t\t\t\n\t\t\t\n\n<h2><span style=\"font-size: 300%;\"><strong>L\u00e3nh \u0111\u1ea1o<span style=\"color: #ed1c24;\">.<\/span><\/strong><\/span><\/h2>\n<p><strong>M\u1ed9t \u0111\u1ed9i ng\u0169 chuy\u00ean nghi\u1ec7p, v\u00e0 lu\u00f4n h\u01b0\u1edbng \u0111\u1ebfn t\u01b0\u01a1ng lai<\/strong><\/p>\n\n\t\t<\/div>\n\t\t\t\t\t<\/div>\n\n\t\n\n\t<div id=\"col-699569395\" class=\"col medium-6 small-12 large-6\"  >\n\t\t\t\t<div class=\"col-inner\"  >\n\t\t\t\n\t\t\t\n\n<p>L\u00e0 nh\u1eefng chuy\u00ean gia nhi\u1ec1u n\u0103m kinh nghi\u1ec7m trong l\u0129nh v\u1ef1c thu\u00ea v\u0103n ph\u00f2ng, ban l\u00e3nh \u0111\u1ea1o c\u0169ng nh\u01b0 to\u00e0n th\u1ec3 chuy\u00ean vi\u00ean c\u1ee7a Galaxy Office \u0111\u00e3 v\u00e0 \u0111ang h\u1ed7 tr\u1ee3 kh\u00e1ch h\u00e0ng b\u1eb1ng s\u1ef1 <strong>hi\u1ec7u qu\u1ea3, trung th\u1ef1c v\u00e0 t\u1eadn t\u00e2m.<\/strong><\/p>\n<p>Ch\u00fang t\u00f4i lu\u00f4n n\u1eafm b\u1eaft v\u00e0 c\u1eadp nh\u1eadt nhanh nh\u1ea5t nh\u1eefng bi\u1ebfn \u0111\u1ed9ng v\u1ec1 gi\u00e1 thu\u00ea, ngu\u1ed3n v\u0103n ph\u00f2ng tr\u1ed1ng, \u0111\u1ed3ng th\u1eddi am hi\u1ec3u s\u00e2u v\u1ec1 t\u1ed5ng quan th\u1ecb tr\u01b0\u1eddng, c\u1ee5 th\u1ec3 \u01b0u nh\u01b0\u1ee3c \u0111i\u1ec3m ch\u1ea5t l\u01b0\u1ee3ng t\u1eebng to\u00e0 nh\u00e0 v\u00e0 hi\u1ec3u c\u00e1ch \u0111\u00e0m ph\u00e1n ra quy\u1ebft \u0111\u1ecbnh c\u1ee7a m\u1ed7i ch\u1ee7 to\u00e0 nh\u00e0.<\/p>\n<p>V\u1edbi tri\u1ebft l\u00fd kinh doanh c\u1ee7a c\u00f4ng ty l\u00e0 <strong>\u201cYour Satisfaction \u2013 Our Pride\u201d<\/strong> th\u00ec ch\u00fang t\u00f4i tin t\u01b0\u1edfng r\u1eb1ng s\u1ebd h\u1ed7 tr\u1ee3 \u0111\u01b0\u1ee3c qu\u00fd kh\u00e1ch h\u00e0ng t\u00ecm thu\u00ea \u0111\u01b0\u1ee3c v\u0103n ph\u00f2ng nhanh nh\u1ea5t, ph\u00f9 h\u1ee3p nh\u1ea5t v\u00e0 v\u1edbi s\u1ef1 h\u00e0i l\u00f2ng cao nh\u1ea5t.<\/p>\n\n\t\t<\/div>\n\t\t\t\t\t<\/div>\n\n\t\n\n<\/div>\n\n\t\t<\/div>\n\n\t\t\n<style>\n#section_964159141 {\n  padding-top: 30px;\n  padding-bottom: 30px;\n  min-height: 700px;\n}\n<\/style>\n\t<\/section>\n\t\n\t<section class=\"section\" id=\"section_1762370524\">\n\t\t<div class=\"bg section-bg fill bg-fill bg-loaded bg-loaded\" >\n\n\t\t\t\n\t\t\t\n\t\t\t\n\n\t\t<\/div>\n\n\t\t\n\n\t\t<div class=\"section-content relative\">\n\t\t\t\n\n<div class=\"row align-center vp-stretch row-box-shadow-2\"  id=\"row-1280022391\">\n\n\n\t<div id=\"col-47217948\" class=\"col medium-4 small-12 large-4 small-col-first\"  >\n\t\t\t\t<div class=\"col-inner text-center\"  >\n\t\t\t\n\t\t\t\n\n\t<div class=\"img has-hover vp-rounded x md-x lg-x y md-y lg-y\" id=\"image_1023280992\">\n\t\t\t\t\t\t\t\t<div class=\"img-inner image-cover dark\" style=\"padding-top:100%;\">\n\t\t\t<img loading=\"lazy\" decoding=\"async\" width=\"1651\" height=\"1990\" src=\"https:\/\/www.galaxyoffice.vn\/wp-content\/uploads\/2023\/11\/z4857357541929_f5846e3fcd149f0dc7386a2d711f0443-e1700465440693.jpg\" class=\"attachment-original size-original\" alt=\"\" srcset=\"https:\/\/www.galaxyoffice.vn\/wp-content\/uploads\/2023\/11\/z4857357541929_f5846e3fcd149f0dc7386a2d711f0443-e1700465440693.jpg 1651w, https:\/\/www.galaxyoffice.vn\/wp-content\/uploads\/2023\/11\/z4857357541929_f5846e3fcd149f0dc7386a2d711f0443-e1700465440693-249x300.jpg 249w, https:\/\/www.galaxyoffice.vn\/wp-content\/uploads\/2023\/11\/z4857357541929_f5846e3fcd149f0dc7386a2d711f0443-e1700465440693-850x1024.jpg 850w, https:\/\/www.galaxyoffice.vn\/wp-content\/uploads\/2023\/11\/z4857357541929_f5846e3fcd149f0dc7386a2d711f0443-e1700465440693-768x926.jpg 768w, https:\/\/www.galaxyoffice.vn\/wp-content\/uploads\/2023\/11\/z4857357541929_f5846e3fcd149f0dc7386a2d711f0443-e1700465440693-1274x1536.jpg 1274w, https:\/\/www.galaxyoffice.vn\/wp-content\/uploads\/2023\/11\/z4857357541929_f5846e3fcd149f0dc7386a2d711f0443-e1700465440693-600x723.jpg 600w\" sizes=\"(max-width: 1651px) 100vw, 1651px\" \/>\t\t\t\t\t\t\n\t\t\t\t\t<\/div>\n\t\t\t\t\t\t\t\t\n<style>\n#image_1023280992 {\n  width: 100%;\n}\n<\/style>\n\t<\/div>\n\t\n\n<h3><strong>\u00d4ng: Nguy\u1ec5n M\u1ea1nh H\u00f9ng<\/strong><\/h3>\n<p style=\"color: red; font-weight: bold;\">CEO<\/p>\n<p><span style=\"font-size: 90%;\">Tr\u00ecnh \u0111\u1ed9: C\u1eed nh\u00e2n T\u00e0i ch\u00ednh Ng\u00e2n h\u00e0ng\u00a0 \u2013 \u0110\u1ea1i h\u1ecdc Ng\u00e2n h\u00e0ng Tp.HCM<\/span><\/p>\n\n\t\t<\/div>\n\t\t\t\t\n<style>\n#col-47217948 > .col-inner {\n  border-radius: 12px;\n}\n<\/style>\n\t<\/div>\n\n\t\n\n\t<div id=\"col-1901914839\" class=\"col medium-4 small-12 large-4\"  >\n\t\t\t\t<div class=\"col-inner text-center\"  >\n\t\t\t\n\t\t\t\n\n\t<div class=\"img has-hover vp-rounded x md-x lg-x y md-y lg-y\" id=\"image_452570659\">\n\t\t\t\t\t\t\t\t<div class=\"img-inner image-cover dark\" style=\"padding-top:100%;\">\n\t\t\t<img loading=\"lazy\" decoding=\"async\" width=\"1911\" height=\"1938\" src=\"https:\/\/www.galaxyoffice.vn\/wp-content\/uploads\/2023\/11\/z4897043060217_8151fff5e0d313ecdb7ae9792843bff6.jpg\" class=\"attachment-original size-original\" alt=\"\" srcset=\"https:\/\/www.galaxyoffice.vn\/wp-content\/uploads\/2023\/11\/z4897043060217_8151fff5e0d313ecdb7ae9792843bff6.jpg 1911w, https:\/\/www.galaxyoffice.vn\/wp-content\/uploads\/2023\/11\/z4897043060217_8151fff5e0d313ecdb7ae9792843bff6-296x300.jpg 296w, https:\/\/www.galaxyoffice.vn\/wp-content\/uploads\/2023\/11\/z4897043060217_8151fff5e0d313ecdb7ae9792843bff6-1010x1024.jpg 1010w, https:\/\/www.galaxyoffice.vn\/wp-content\/uploads\/2023\/11\/z4897043060217_8151fff5e0d313ecdb7ae9792843bff6-768x779.jpg 768w, https:\/\/www.galaxyoffice.vn\/wp-content\/uploads\/2023\/11\/z4897043060217_8151fff5e0d313ecdb7ae9792843bff6-1515x1536.jpg 1515w, https:\/\/www.galaxyoffice.vn\/wp-content\/uploads\/2023\/11\/z4897043060217_8151fff5e0d313ecdb7ae9792843bff6-600x608.jpg 600w, https:\/\/www.galaxyoffice.vn\/wp-content\/uploads\/2023\/11\/z4897043060217_8151fff5e0d313ecdb7ae9792843bff6-100x100.jpg 100w\" sizes=\"(max-width: 1911px) 100vw, 1911px\" \/>\t\t\t\t\t\t\n\t\t\t\t\t<\/div>\n\t\t\t\t\t\t\t\t\n<style>\n#image_452570659 {\n  width: 100%;\n}\n<\/style>\n\t<\/div>\n\t\n\n<h3><strong>B\u00e0: Ph\u1ea1m Th\u00fay H\u1eb1ng<\/strong><\/h3>\n<p style=\"color: red; font-weight: bold;\">Research Director<\/p>\n<p>Tr\u00ecnh \u0111\u1ed9: Th\u1ea1c s\u0129 Qu\u1ea3n tr\u1ecb \u0111\u1ea7u t\u01b0<br \/>\u2013 \u0110\u1ea1i h\u1ecdc Houston, Hoa K\u1ef3<\/p>\n\n\t\t<\/div>\n\t\t\t\t\n<style>\n#col-1901914839 > .col-inner {\n  border-radius: 12px;\n}\n<\/style>\n\t<\/div>\n\n\t\n\n\t<div id=\"col-569144361\" class=\"col medium-4 small-12 large-4\"  >\n\t\t\t\t<div class=\"col-inner text-center\"  >\n\t\t\t\n\t\t\t\n\n\t<div class=\"img has-hover vp-rounded x md-x lg-x y md-y lg-y\" id=\"image_609173666\">\n\t\t\t\t\t\t\t\t<div class=\"img-inner image-cover dark\" style=\"padding-top:100%;\">\n\t\t\t<img loading=\"lazy\" decoding=\"async\" width=\"1665\" height=\"1977\" src=\"https:\/\/www.galaxyoffice.vn\/wp-content\/uploads\/2023\/11\/1111-e1700467475558.jpg\" class=\"attachment-original size-original\" alt=\"\" srcset=\"https:\/\/www.galaxyoffice.vn\/wp-content\/uploads\/2023\/11\/1111-e1700467475558.jpg 1665w, https:\/\/www.galaxyoffice.vn\/wp-content\/uploads\/2023\/11\/1111-e1700467475558-253x300.jpg 253w, https:\/\/www.galaxyoffice.vn\/wp-content\/uploads\/2023\/11\/1111-e1700467475558-862x1024.jpg 862w, https:\/\/www.galaxyoffice.vn\/wp-content\/uploads\/2023\/11\/1111-e1700467475558-768x912.jpg 768w, https:\/\/www.galaxyoffice.vn\/wp-content\/uploads\/2023\/11\/1111-e1700467475558-1294x1536.jpg 1294w, https:\/\/www.galaxyoffice.vn\/wp-content\/uploads\/2023\/11\/1111-e1700467475558-600x712.jpg 600w\" sizes=\"(max-width: 1665px) 100vw, 1665px\" \/>\t\t\t\t\t\t\n\t\t\t\t\t<\/div>\n\t\t\t\t\t\t\t\t\n<style>\n#image_609173666 {\n  width: 100%;\n}\n<\/style>\n\t<\/div>\n\t\n\n<h3><strong>\u00d4ng: Ng\u00f4 Minh Tr\u1ecdng<\/strong><\/h3>\n<p style=\"color: red; font-weight: bold;\">Leasing Director<\/p>\n<p>Tr\u00ecnh \u0111\u1ed9: K\u1ef9 s\u01b0 C\u01a1 k\u1ef9 thu\u1eadt<br \/>\u2013 Tu nghi\u1ec7p 3 n\u0103m t\u1ea1i Nh\u1eadt B\u1ea3n<\/p>\n\n\t\t<\/div>\n\t\t\t\t\n<style>\n#col-569144361 > .col-inner {\n  border-radius: 12px;\n}\n<\/style>\n\t<\/div>\n\n\t\n\n\n<style>\n#row-1280022391 > .col > .col-inner {\n  padding: 15px 15px 15px 15px;\n}\n<\/style>\n<\/div>\n\t<div id=\"gap-223130781\" class=\"gap-element clearfix\" style=\"display:block; height:auto;\">\n\t\t\n<style>\n#gap-223130781 {\n  padding-top: 60px;\n}\n<\/style>\n\t<\/div>\n\t\n\n<div class=\"row align-center vp-stretch row-box-shadow-2\"  id=\"row-1890414368\">\n\n\n\t<div id=\"col-374680745\" class=\"col medium-4 small-12 large-4\"  >\n\t\t\t\t<div class=\"col-inner text-center\"  >\n\t\t\t\n\t\t\t\n\n\t<div class=\"img has-hover vp-rounded x md-x lg-x y md-y lg-y\" id=\"image_1917814398\">\n\t\t\t\t\t\t\t\t<div class=\"img-inner image-cover dark\" style=\"padding-top:100%;\">\n\t\t\t<img loading=\"lazy\" decoding=\"async\" width=\"1623\" height=\"1837\" src=\"https:\/\/www.galaxyoffice.vn\/wp-content\/uploads\/2023\/11\/z4847734187955_7dfc902ed032d75460187d1c6551ac43-e1700465496999.jpg\" class=\"attachment-original size-original\" alt=\"\" srcset=\"https:\/\/www.galaxyoffice.vn\/wp-content\/uploads\/2023\/11\/z4847734187955_7dfc902ed032d75460187d1c6551ac43-e1700465496999.jpg 1623w, https:\/\/www.galaxyoffice.vn\/wp-content\/uploads\/2023\/11\/z4847734187955_7dfc902ed032d75460187d1c6551ac43-e1700465496999-265x300.jpg 265w, https:\/\/www.galaxyoffice.vn\/wp-content\/uploads\/2023\/11\/z4847734187955_7dfc902ed032d75460187d1c6551ac43-e1700465496999-905x1024.jpg 905w, https:\/\/www.galaxyoffice.vn\/wp-content\/uploads\/2023\/11\/z4847734187955_7dfc902ed032d75460187d1c6551ac43-e1700465496999-768x869.jpg 768w, https:\/\/www.galaxyoffice.vn\/wp-content\/uploads\/2023\/11\/z4847734187955_7dfc902ed032d75460187d1c6551ac43-e1700465496999-1357x1536.jpg 1357w, https:\/\/www.galaxyoffice.vn\/wp-content\/uploads\/2023\/11\/z4847734187955_7dfc902ed032d75460187d1c6551ac43-e1700465496999-600x679.jpg 600w\" sizes=\"(max-width: 1623px) 100vw, 1623px\" \/>\t\t\t\t\t\t\n\t\t\t\t\t<\/div>\n\t\t\t\t\t\t\t\t\n<style>\n#image_1917814398 {\n  width: 100%;\n}\n<\/style>\n\t<\/div>\n\t\n\n<h3><strong>\u00d4ng: Tr\u1ecbnh B\u00e1 Ho\u00e0ng<\/strong><\/h3>\n<p style=\"color: red; font-weight: bold;\">Senior Manager<\/p>\n<p><span style=\"font-size: 95%;\">Tr\u00ecnh \u0111\u1ed9: C\u1eed nh\u00e2n K\u1ebf to\u00e1n &amp; Ki\u1ec3m to\u00e1n \u2013 \u0110\u1ea1i h\u1ecdc Ng\u00e2n h\u00e0ng Tp HCM<\/span><\/p>\n\n\t\t<\/div>\n\t\t\t\t\n<style>\n#col-374680745 > .col-inner {\n  border-radius: 12px;\n}\n<\/style>\n\t<\/div>\n\n\t\n\n\t<div id=\"col-1574510832\" class=\"col medium-4 small-12 large-4\"  >\n\t\t\t\t<div class=\"col-inner text-center\"  >\n\t\t\t\n\t\t\t\n\n\t<div class=\"img has-hover vp-rounded x md-x lg-x y md-y lg-y\" id=\"image_2093770903\">\n\t\t\t\t\t\t\t\t<div class=\"img-inner image-cover dark\" style=\"padding-top:100%;\">\n\t\t\t<img loading=\"lazy\" decoding=\"async\" width=\"1920\" height=\"2168\" src=\"https:\/\/www.galaxyoffice.vn\/wp-content\/uploads\/2024\/01\/z5050279086256_46432d9934c66039e9208f14a95cd8ce.jpg\" class=\"attachment-original size-original\" alt=\"trinh hung tan\" srcset=\"https:\/\/www.galaxyoffice.vn\/wp-content\/uploads\/2024\/01\/z5050279086256_46432d9934c66039e9208f14a95cd8ce.jpg 1920w, https:\/\/www.galaxyoffice.vn\/wp-content\/uploads\/2024\/01\/z5050279086256_46432d9934c66039e9208f14a95cd8ce-266x300.jpg 266w, https:\/\/www.galaxyoffice.vn\/wp-content\/uploads\/2024\/01\/z5050279086256_46432d9934c66039e9208f14a95cd8ce-907x1024.jpg 907w, https:\/\/www.galaxyoffice.vn\/wp-content\/uploads\/2024\/01\/z5050279086256_46432d9934c66039e9208f14a95cd8ce-768x867.jpg 768w, https:\/\/www.galaxyoffice.vn\/wp-content\/uploads\/2024\/01\/z5050279086256_46432d9934c66039e9208f14a95cd8ce-1360x1536.jpg 1360w, https:\/\/www.galaxyoffice.vn\/wp-content\/uploads\/2024\/01\/z5050279086256_46432d9934c66039e9208f14a95cd8ce-1814x2048.jpg 1814w\" sizes=\"(max-width: 1920px) 100vw, 1920px\" \/>\t\t\t\t\t\t\n\t\t\t\t\t<\/div>\n\t\t\t\t\t\t\t\t\n<style>\n#image_2093770903 {\n  width: 100%;\n}\n<\/style>\n\t<\/div>\n\t\n\n<h3><strong>\u00d4ng: Tr\u1ecbnh H\u01b0ng T\u1ea5n<\/strong><\/h3>\n<p style=\"color: red; font-weight: bold;\">Senior Director<\/p>\n<p><span style=\"font-size: 90%;\">Tr\u00ecnh \u0111\u1ed9: C\u1eed nh\u00e2n T\u00e0i ch\u00ednh Ng\u00e2n h\u00e0ng\u00a0 \u2013 \u0110\u1ea1i h\u1ecdc Ng\u00e2n h\u00e0ng Tp.HCM<\/span><\/p>\n\n\t\t<\/div>\n\t\t\t\t\n<style>\n#col-1574510832 > .col-inner {\n  border-radius: 12px;\n}\n<\/style>\n\t<\/div>\n\n\t\n\n\n<style>\n#row-1890414368 > .col > .col-inner {\n  padding: 15px 15px 15px 15px;\n}\n<\/style>\n<\/div>\n\n\t\t<\/div>\n\n\t\t\n<style>\n#section_1762370524 {\n  padding-top: 30px;\n  padding-bottom: 30px;\n}\n<\/style>\n\t<\/section>","protected":false},"excerpt":{"rendered":"","protected":false},"author":1,"featured_media":0,"parent":0,"menu_order":0,"comment_status":"closed","ping_status":"closed","template":"page-blank.php","meta":{"footnotes":""},"acf":[],"yoast_head":"<!-- This site is optimized with the Yoast SEO plugin v21.5 - https:\/\/yoast.com\/wordpress\/plugins\/seo\/ -->\n<title>Ban l\u00e3nh \u0111\u1ea1o | Galaxy Office<\/title>\n<meta name=\"description\" content=\"L\u00e0 nh\u1eefng chuy\u00ean gia nhi\u1ec1u n\u0103m kinh nghi\u1ec7m trong l\u0129nh v\u1ef1c thu\u00ea v\u0103n ph\u00f2ng, ban l\u00e3nh \u0111\u1ea1o c\u0169ng nh\u01b0 to\u00e0n th\u1ec3 chuy\u00ean vi\u00ean c\u1ee7a Galaxy Office \u0111\u00e3 v\u00e0 \u0111ang h\u1ed7 tr\u1ee3 kh\u00e1ch h\u00e0ng b\u1eb1ng s\u1ef1 hi\u1ec7u qu\u1ea3, trung th\u1ef1c v\u00e0 t\u1eadn t\u00e2m.\" \/>\n<meta name=\"robots\" content=\"index, follow, max-snippet:-1, max-image-preview:large, max-video-preview:-1\" \/>\n<link rel=\"canonical\" href=\"https:\/\/www.galaxyoffice.vn\/en\/ban-lanh-dao\/\" \/>\n<meta property=\"og:locale\" content=\"en_US\" \/>\n<meta property=\"og:type\" content=\"article\" \/>\n<meta property=\"og:title\" content=\"Ban l\u00e3nh \u0111\u1ea1o | Galaxy Office\" \/>\n<meta property=\"og:description\" content=\"L\u00e0 nh\u1eefng chuy\u00ean gia nhi\u1ec1u n\u0103m kinh nghi\u1ec7m trong l\u0129nh v\u1ef1c thu\u00ea v\u0103n ph\u00f2ng, ban l\u00e3nh \u0111\u1ea1o c\u0169ng nh\u01b0 to\u00e0n th\u1ec3 chuy\u00ean vi\u00ean c\u1ee7a Galaxy Office \u0111\u00e3 v\u00e0 \u0111ang h\u1ed7 tr\u1ee3 kh\u00e1ch h\u00e0ng b\u1eb1ng s\u1ef1 hi\u1ec7u qu\u1ea3, trung th\u1ef1c v\u00e0 t\u1eadn t\u00e2m.\" \/>\n<meta property=\"og:url\" content=\"https:\/\/www.galaxyoffice.vn\/en\/ban-lanh-dao\/\" \/>\n<meta property=\"og:site_name\" content=\"Galaxy Office\" \/>\n<meta property=\"article:publisher\" content=\"https:\/\/www.facebook.com\/galaxyofficevn\" \/>\n<meta property=\"article:modified_time\" content=\"2025-04-15T07:54:30+00:00\" \/>\n<meta property=\"og:image\" content=\"https:\/\/www.galaxyoffice.vn\/wp-content\/uploads\/2023\/12\/GA.png\" \/>\n\t<meta property=\"og:image:width\" content=\"1000\" \/>\n\t<meta property=\"og:image:height\" content=\"1000\" \/>\n\t<meta property=\"og:image:type\" content=\"image\/png\" \/>\n<meta name=\"twitter:card\" content=\"summary_large_image\" \/>\n<meta name=\"twitter:label1\" content=\"Est. reading time\" \/>\n\t<meta name=\"twitter:data1\" content=\"3 minutes\" \/>\n<script type=\"application\/ld+json\" class=\"yoast-schema-graph\">{\"@context\":\"https:\/\/schema.org\",\"@graph\":[{\"@type\":\"WebPage\",\"@id\":\"https:\/\/www.galaxyoffice.vn\/ban-lanh-dao\/\",\"url\":\"https:\/\/www.galaxyoffice.vn\/ban-lanh-dao\/\",\"name\":\"Ban l\u00e3nh \u0111\u1ea1o | Galaxy Office\",\"isPartOf\":{\"@id\":\"https:\/\/www.galaxyoffice.vn\/#website\"},\"datePublished\":\"2023-11-19T01:07:56+00:00\",\"dateModified\":\"2025-04-15T07:54:30+00:00\",\"description\":\"L\u00e0 nh\u1eefng chuy\u00ean gia nhi\u1ec1u n\u0103m kinh nghi\u1ec7m trong l\u0129nh v\u1ef1c thu\u00ea v\u0103n ph\u00f2ng, ban l\u00e3nh \u0111\u1ea1o c\u0169ng nh\u01b0 to\u00e0n th\u1ec3 chuy\u00ean vi\u00ean c\u1ee7a Galaxy Office \u0111\u00e3 v\u00e0 \u0111ang h\u1ed7 tr\u1ee3 kh\u00e1ch h\u00e0ng b\u1eb1ng s\u1ef1 hi\u1ec7u qu\u1ea3, trung th\u1ef1c v\u00e0 t\u1eadn t\u00e2m.\",\"breadcrumb\":{\"@id\":\"https:\/\/www.galaxyoffice.vn\/ban-lanh-dao\/#breadcrumb\"},\"inLanguage\":\"en-US\",\"potentialAction\":[{\"@type\":\"ReadAction\",\"target\":[\"https:\/\/www.galaxyoffice.vn\/ban-lanh-dao\/\"]}]},{\"@type\":\"BreadcrumbList\",\"@id\":\"https:\/\/www.galaxyoffice.vn\/ban-lanh-dao\/#breadcrumb\",\"itemListElement\":[{\"@type\":\"ListItem\",\"position\":1,\"name\":\"Trang ch\u1ee7\",\"item\":\"https:\/\/www.galaxyoffice.vn\/\"},{\"@type\":\"ListItem\",\"position\":2,\"name\":\"Ban l\u00e3nh \u0111\u1ea1o\"}]},{\"@type\":\"WebSite\",\"@id\":\"https:\/\/www.galaxyoffice.vn\/#website\",\"url\":\"https:\/\/www.galaxyoffice.vn\/\",\"name\":\"Galaxy Office | Cho thu\u00ea v\u0103n ph\u00f2ng TPHCM\",\"description\":\"Cho thu\u00ea v\u0103n ph\u00f2ng\",\"publisher\":{\"@id\":\"https:\/\/www.galaxyoffice.vn\/#organization\"},\"alternateName\":\"Galaxy Office\",\"potentialAction\":[{\"@type\":\"SearchAction\",\"target\":{\"@type\":\"EntryPoint\",\"urlTemplate\":\"https:\/\/www.galaxyoffice.vn\/?s={search_term_string}\"},\"query-input\":\"required name=search_term_string\"}],\"inLanguage\":\"en-US\"},{\"@type\":\"Organization\",\"@id\":\"https:\/\/www.galaxyoffice.vn\/#organization\",\"name\":\"Galaxy Office | Cho thu\u00ea v\u0103n ph\u00f2ng TPHCM\",\"alternateName\":\"Galaxy Office\",\"url\":\"https:\/\/www.galaxyoffice.vn\/\",\"logo\":{\"@type\":\"ImageObject\",\"inLanguage\":\"en-US\",\"@id\":\"https:\/\/www.galaxyoffice.vn\/#\/schema\/logo\/image\/\",\"url\":\"https:\/\/www.galaxyoffice.vn\/wp-content\/uploads\/2023\/11\/GalaxyArtboard-1logo_NOBG-e1700366593952.png\",\"contentUrl\":\"https:\/\/www.galaxyoffice.vn\/wp-content\/uploads\/2023\/11\/GalaxyArtboard-1logo_NOBG-e1700366593952.png\",\"width\":2517,\"height\":1090,\"caption\":\"Galaxy Office | Cho thu\u00ea v\u0103n ph\u00f2ng TPHCM\"},\"image\":{\"@id\":\"https:\/\/www.galaxyoffice.vn\/#\/schema\/logo\/image\/\"},\"sameAs\":[\"https:\/\/www.facebook.com\/galaxyofficevn\",\"https:\/\/www.linkedin.com\/company\/galaxy-office\"]}]}<\/script>\n<!-- \/ Yoast SEO plugin. -->","yoast_head_json":{"title":"Ban l\u00e3nh \u0111\u1ea1o | Galaxy Office","description":"L\u00e0 nh\u1eefng chuy\u00ean gia nhi\u1ec1u n\u0103m kinh nghi\u1ec7m trong l\u0129nh v\u1ef1c thu\u00ea v\u0103n ph\u00f2ng, ban l\u00e3nh \u0111\u1ea1o c\u0169ng nh\u01b0 to\u00e0n th\u1ec3 chuy\u00ean vi\u00ean c\u1ee7a Galaxy Office \u0111\u00e3 v\u00e0 \u0111ang h\u1ed7 tr\u1ee3 kh\u00e1ch h\u00e0ng b\u1eb1ng s\u1ef1 hi\u1ec7u qu\u1ea3, trung th\u1ef1c v\u00e0 t\u1eadn t\u00e2m.","robots":{"index":"index","follow":"follow","max-snippet":"max-snippet:-1","max-image-preview":"max-image-preview:large","max-video-preview":"max-video-preview:-1"},"canonical":"https:\/\/www.galaxyoffice.vn\/en\/ban-lanh-dao\/","og_locale":"en_US","og_type":"article","og_title":"Ban l\u00e3nh \u0111\u1ea1o | Galaxy Office","og_description":"L\u00e0 nh\u1eefng chuy\u00ean gia nhi\u1ec1u n\u0103m kinh nghi\u1ec7m trong l\u0129nh v\u1ef1c thu\u00ea v\u0103n ph\u00f2ng, ban l\u00e3nh \u0111\u1ea1o c\u0169ng nh\u01b0 to\u00e0n th\u1ec3 chuy\u00ean vi\u00ean c\u1ee7a Galaxy Office \u0111\u00e3 v\u00e0 \u0111ang h\u1ed7 tr\u1ee3 kh\u00e1ch h\u00e0ng b\u1eb1ng s\u1ef1 hi\u1ec7u qu\u1ea3, trung th\u1ef1c v\u00e0 t\u1eadn t\u00e2m.","og_url":"https:\/\/www.galaxyoffice.vn\/en\/ban-lanh-dao\/","og_site_name":"Galaxy Office","article_publisher":"https:\/\/www.facebook.com\/galaxyofficevn","article_modified_time":"2025-04-15T07:54:30+00:00","og_image":[{"width":1000,"height":1000,"url":"https:\/\/www.galaxyoffice.vn\/wp-content\/uploads\/2023\/12\/GA.png","type":"image\/png"}],"twitter_card":"summary_large_image","twitter_misc":{"Est. reading time":"3 minutes"},"schema":{"@context":"https:\/\/schema.org","@graph":[{"@type":"WebPage","@id":"https:\/\/www.galaxyoffice.vn\/ban-lanh-dao\/","url":"https:\/\/www.galaxyoffice.vn\/ban-lanh-dao\/","name":"Ban l\u00e3nh \u0111\u1ea1o | Galaxy Office","isPartOf":{"@id":"https:\/\/www.galaxyoffice.vn\/#website"},"datePublished":"2023-11-19T01:07:56+00:00","dateModified":"2025-04-15T07:54:30+00:00","description":"L\u00e0 nh\u1eefng chuy\u00ean gia nhi\u1ec1u n\u0103m kinh nghi\u1ec7m trong l\u0129nh v\u1ef1c thu\u00ea v\u0103n ph\u00f2ng, ban l\u00e3nh \u0111\u1ea1o c\u0169ng nh\u01b0 to\u00e0n th\u1ec3 chuy\u00ean vi\u00ean c\u1ee7a Galaxy Office \u0111\u00e3 v\u00e0 \u0111ang h\u1ed7 tr\u1ee3 kh\u00e1ch h\u00e0ng b\u1eb1ng s\u1ef1 hi\u1ec7u qu\u1ea3, trung th\u1ef1c v\u00e0 t\u1eadn t\u00e2m.","breadcrumb":{"@id":"https:\/\/www.galaxyoffice.vn\/ban-lanh-dao\/#breadcrumb"},"inLanguage":"en-US","potentialAction":[{"@type":"ReadAction","target":["https:\/\/www.galaxyoffice.vn\/ban-lanh-dao\/"]}]},{"@type":"BreadcrumbList","@id":"https:\/\/www.galaxyoffice.vn\/ban-lanh-dao\/#breadcrumb","itemListElement":[{"@type":"ListItem","position":1,"name":"Trang ch\u1ee7","item":"https:\/\/www.galaxyoffice.vn\/"},{"@type":"ListItem","position":2,"name":"Ban l\u00e3nh \u0111\u1ea1o"}]},{"@type":"WebSite","@id":"https:\/\/www.galaxyoffice.vn\/#website","url":"https:\/\/www.galaxyoffice.vn\/","name":"Galaxy Office | Cho thu\u00ea v\u0103n ph\u00f2ng TPHCM","description":"Cho thu\u00ea v\u0103n ph\u00f2ng","publisher":{"@id":"https:\/\/www.galaxyoffice.vn\/#organization"},"alternateName":"Galaxy Office","potentialAction":[{"@type":"SearchAction","target":{"@type":"EntryPoint","urlTemplate":"https:\/\/www.galaxyoffice.vn\/?s={search_term_string}"},"query-input":"required name=search_term_string"}],"inLanguage":"en-US"},{"@type":"Organization","@id":"https:\/\/www.galaxyoffice.vn\/#organization","name":"Galaxy Office | Cho thu\u00ea v\u0103n ph\u00f2ng TPHCM","alternateName":"Galaxy Office","url":"https:\/\/www.galaxyoffice.vn\/","logo":{"@type":"ImageObject","inLanguage":"en-US","@id":"https:\/\/www.galaxyoffice.vn\/#\/schema\/logo\/image\/","url":"https:\/\/www.galaxyoffice.vn\/wp-content\/uploads\/2023\/11\/GalaxyArtboard-1logo_NOBG-e1700366593952.png","contentUrl":"https:\/\/www.galaxyoffice.vn\/wp-content\/uploads\/2023\/11\/GalaxyArtboard-1logo_NOBG-e1700366593952.png","width":2517,"height":1090,"caption":"Galaxy Office | Cho thu\u00ea v\u0103n ph\u00f2ng TPHCM"},"image":{"@id":"https:\/\/www.galaxyoffice.vn\/#\/schema\/logo\/image\/"},"sameAs":["https:\/\/www.facebook.com\/galaxyofficevn","https:\/\/www.linkedin.com\/company\/galaxy-office"]}]}},"_links":{"self":[{"href":"https:\/\/www.galaxyoffice.vn\/en\/wp-json\/wp\/v2\/pages\/10521"}],"collection":[{"href":"https:\/\/www.galaxyoffice.vn\/en\/wp-json\/wp\/v2\/pages"}],"about":[{"href":"https:\/\/www.galaxyoffice.vn\/en\/wp-json\/wp\/v2\/types\/page"}],"author":[{"embeddable":true,"href":"https:\/\/www.galaxyoffice.vn\/en\/wp-json\/wp\/v2\/users\/1"}],"replies":[{"embeddable":true,"href":"https:\/\/www.galaxyoffice.vn\/en\/wp-json\/wp\/v2\/comments?post=10521"}],"version-history":[{"count":47,"href":"https:\/\/www.galaxyoffice.vn\/en\/wp-json\/wp\/v2\/pages\/10521\/revisions"}],"predecessor-version":[{"id":21004,"href":"https:\/\/www.galaxyoffice.vn\/en\/wp-json\/wp\/v2\/pages\/10521\/revisions\/21004"}],"wp:attachment":[{"href":"https:\/\/www.galaxyoffice.vn\/en\/wp-json\/wp\/v2\/media?parent=10521"}],"curies":[{"name":"wp","href":"https:\/\/api.w.org\/{rel}","templated":true}]}}