{"id":10806,"date":"2023-11-20T09:59:23","date_gmt":"2023-11-20T09:59:23","guid":{"rendered":"https:\/\/heron-flowing-owl.ngrok-free.app\/?page_id=10806"},"modified":"2026-04-21T10:13:05","modified_gmt":"2026-04-21T03:13:05","slug":"ky-gui-van-phong","status":"publish","type":"page","link":"https:\/\/www.galaxyoffice.vn\/en\/ky-gui-van-phong\/","title":{"rendered":"Office consignment"},"content":{"rendered":"<section class=\"section\" id=\"section_865177687\">\n\t\t<div class=\"bg section-bg fill bg-fill bg-loaded bg-loaded\" >\n\n\t\t\t\n\t\t\t\n\t\t\t\n\n\t\t<\/div>\n\n\t\t\n\n\t\t<div class=\"section-content relative\">\n\t\t\t\n\n<div class=\"row row-large\"  id=\"row-1509136272\">\n\n\n\t<div id=\"col-1145422631\" class=\"col medium-6 small-12 large-6\"  >\n\t\t\t\t<div class=\"col-inner\"  >\n\t\t\t\n\t\t\t\n\n<h1><span style=\"font-size: 150%;\">REGISTER<\/span><\/h1>\n<h2><span style=\"font-size: 180%;\"><strong>OFFICE DELIVERY<\/strong><\/span><\/h2>\n\t<div id=\"gap-384631420\" class=\"gap-element clearfix\" style=\"display:block; height:auto;\">\n\t\t\n<style>\n#gap-384631420 {\n  padding-top: 30px;\n}\n<\/style>\n\t<\/div>\n\t\n\n\t<div class=\"img has-hover x md-x lg-x y md-y lg-y\" id=\"image_351654193\">\n\t\t\t\t\t\t\t\t<div class=\"img-inner dark\" >\n\t\t\t<img loading=\"lazy\" decoding=\"async\" width=\"1280\" height=\"954\" src=\"https:\/\/www.galaxyoffice.vn\/wp-content\/uploads\/2024\/01\/khai-truong-van-phong-1.jpg\" class=\"attachment-original size-original\" alt=\"PARAGON\" srcset=\"https:\/\/www.galaxyoffice.vn\/wp-content\/uploads\/2024\/01\/khai-truong-van-phong-1.jpg 1280w, https:\/\/www.galaxyoffice.vn\/wp-content\/uploads\/2024\/01\/khai-truong-van-phong-1-300x224.jpg 300w, https:\/\/www.galaxyoffice.vn\/wp-content\/uploads\/2024\/01\/khai-truong-van-phong-1-1024x763.jpg 1024w, https:\/\/www.galaxyoffice.vn\/wp-content\/uploads\/2024\/01\/khai-truong-van-phong-1-768x572.jpg 768w\" sizes=\"(max-width: 1280px) 100vw, 1280px\" \/>\t\t\t\t\t\t\n\t\t\t\t\t<\/div>\n\t\t\t\t\t\t\t\t\n<style>\n#image_351654193 {\n  width: 100%;\n}\n<\/style>\n\t<\/div>\n\t\n\n\t<div id=\"gap-852050338\" class=\"gap-element clearfix\" style=\"display:block; height:auto;\">\n\t\t\n<style>\n#gap-852050338 {\n  padding-top: 15px;\n}\n<\/style>\n\t<\/div>\n\t\n\n<p>Dear Partners, <strong>GALAXY OFFICE<\/strong> Submit information about office space for rent in the Ho Chi Minh City area.<\/p>\n<p>Our partners can provide consignment information via <strong>Hotline\/Zalo 0939.663.882<\/strong> Or provide the information via the simple registration form on the side, and our specialists will begin working with you immediately after receiving the information.<\/p>\n<p>When registering, if you do not have images ready, our marketing specialists will assist you by taking photos or videos of your office to convey information to customers in the fastest and most impressive way possible.<\/p>\n\n\t\t<\/div>\n\t\t\t\t\t<\/div>\n\n\t\n\n\t<div id=\"col-1637469271\" class=\"col medium-6 small-12 large-6\"  >\n\t\t\t\t<div class=\"col-inner\"  >\n\t\t\t\n\t\t\t\n\n<div class=\"row\"  id=\"row-202194354\">\n\n\n\t<div id=\"col-1512896780\" class=\"col small-12 large-12\"  >\n\t\t\t\t<div class=\"col-inner\" style=\"background-color:rgb(255, 242, 242);\" >\n\t\t\t\n\t\t\t\n\n<div class=\"forminator-ui forminator-custom-form forminator-custom-form-16377 forminator-design--flat  forminator_ajax\" data-forminator-render=\"0\" data-form=\"forminator-module-16377\" data-uid=\"6a053cf7395ef\"><br\/><\/div><form\n\t\t\t\tid=\"forminator-module-16377\"\n\t\t\t\tclass=\"forminator-ui forminator-custom-form forminator-custom-form-16377 forminator-design--flat  forminator_ajax\"\n\t\t\t\tmethod=\"post\"\n\t\t\t\tdata-forminator-render=\"0\"\n\t\t\t\tdata-form-id=\"16377\"\n\t\t\t\t\n\t\t\t\tdata-design=\"flat\"\n\t\t\t\t\n\t\t\t\t\n\t\t\t\t\n\t\t\t\tdata-grid=\"open\"\n\t\t\t\tenctype=\"multipart\/form-data\"\n\t\t\t\t\n\t\t\t\tstyle=\"display: none;\"\n\t\t\t\t\n\t\t\t\tdata-uid=\"6a053cf7395ef\" action=\"\"\n\t\t\t><div role=\"alert\" aria-live=\"polite\" class=\"forminator-response-message forminator-error\" aria-hidden=\"true\"><\/div><div class=\"forminator-row\"><div id=\"name-1\" class=\"forminator-field-name forminator-col forminator-col-12\"><div class=\"forminator-field\"><label for=\"forminator-field-name-1_6a053cf7395ef\" class=\"forminator-label\" id=\"forminator-field-name-1_6a053cf7395ef-label\">Full name <span class=\"forminator-required\">*<\/span><\/label><input type=\"text\" name=\"name-1\" value=\"\" placeholder=\"Example: Galaxy Office\" id=\"forminator-field-name-1_6a053cf7395ef\" class=\"forminator-input forminator-name--field\" aria-required=\"true\" \/><\/div><\/div><\/div><div class=\"forminator-row\"><div id=\"phone-1\" class=\"forminator-field-phone forminator-col forminator-col-12\"><div class=\"forminator-field\"><label for=\"forminator-field-phone-1_6a053cf7395ef\" class=\"forminator-label\" id=\"forminator-field-phone-1_6a053cf7395ef-label\">Phone number <span class=\"forminator-required\">*<\/span><\/label><input type=\"text\" name=\"phone-1\" value=\"\" placeholder=\"Example: 0939.663.882\" id=\"forminator-field-phone-1_6a053cf7395ef\" class=\"forminator-input forminator-field--phone\" data-required=\"1\" aria-required=\"true\" autocomplete=\"off\" \/><\/div><\/div><\/div><div class=\"forminator-row\"><div id=\"email-1\" class=\"forminator-field-email forminator-col forminator-col-12\"><div class=\"forminator-field\"><label for=\"forminator-field-email-1_6a053cf7395ef\" class=\"forminator-label\" id=\"forminator-field-email-1_6a053cf7395ef-label\">Email address <span class=\"forminator-required\">*<\/span><\/label><input type=\"email\" name=\"email-1\" value=\"\" placeholder=\"For example: hi@galaxyoffice.vn\" id=\"forminator-field-email-1_6a053cf7395ef\" class=\"forminator-input forminator-email--field\" data-required=\"true\" aria-required=\"true\" \/><\/div><\/div><\/div><div class=\"forminator-row\"><div id=\"text-1\" class=\"forminator-field-text forminator-col forminator-col-12\"><div class=\"forminator-field\"><label for=\"forminator-field-text-1_6a053cf7395ef\" class=\"forminator-label\" id=\"forminator-field-text-1_6a053cf7395ef-label\">Office space for rent (sq m) <span class=\"forminator-required\">*<\/span><\/label><input type=\"text\" name=\"text-1\" value=\"\" placeholder=\"Example: 50 square meters\" id=\"forminator-field-text-1_6a053cf7395ef\" class=\"forminator-input forminator-name--field\" data-required=\"1\" \/><\/div><\/div><\/div><div class=\"forminator-row\"><div id=\"text-2\" class=\"forminator-field-text forminator-col forminator-col-12\"><div class=\"forminator-field\"><label for=\"forminator-field-text-2_6a053cf7395ef\" class=\"forminator-label\" id=\"forminator-field-text-2_6a053cf7395ef-label\">Office rental price (VND) <span class=\"forminator-required\">*<\/span><\/label><input type=\"text\" name=\"text-2\" value=\"\" placeholder=\"Example: 15,000,000 VND\" id=\"forminator-field-text-2_6a053cf7395ef\" class=\"forminator-input forminator-name--field\" data-required=\"1\" \/><\/div><\/div><\/div><div class=\"forminator-row\"><div id=\"text-3\" class=\"forminator-field-text forminator-col forminator-col-12\"><div class=\"forminator-field\"><label for=\"forminator-field-text-3_6a053cf7395ef\" class=\"forminator-label\" id=\"forminator-field-text-3_6a053cf7395ef-label\">Office address for rent <span class=\"forminator-required\">*<\/span><\/label><input type=\"text\" name=\"text-3\" value=\"\" placeholder=\"Example: 24 Dang Thai Mai, Phu Nhuan\" id=\"forminator-field-text-3_6a053cf7395ef\" class=\"forminator-input forminator-name--field\" data-required=\"1\" \/><\/div><\/div><\/div><div class=\"forminator-row\"><div id=\"textarea-1\" class=\"forminator-field-textarea forminator-col forminator-col-12\"><div class=\"forminator-field\"><label for=\"forminator-field-textarea-1_6a053cf7395ef\" id=\"forminator-field-textarea-1_6a053cf7395ef-label\" class=\"forminator-label\">Additional description<\/label><textarea name=\"textarea-1\" placeholder=\"Enter the description content\" id=\"forminator-field-textarea-1_6a053cf7395ef\" class=\"forminator-textarea\" rows=\"6\" style=\"min-height:140px;\" maxlength=\"180\" ><\/textarea><span id=\"forminator-field-textarea-1_6a053cf7395ef-description\" class=\"forminator-description\"><span data-limit=\"180\" data-type=\"characters\">0 \/ 180<\/span><\/span><\/div><\/div><\/div><div class=\"forminator-row\"><div id=\"upload-1\" class=\"forminator-field-upload forminator-col forminator-col-12\"><div class=\"forminator-field\"><label for=\"forminator-field-upload-1_6a053cf7395ef\" class=\"forminator-label\">Office images (under 5MB, .png, .jpg, .jpeg)<\/label><div class=\"forminator-multi-upload\" data-element=\"upload-1_6a053cf7395ef\" aria-describedby=\"forminator-field-upload-1_6a053cf7395ef-description\"><input type=\"file\" name=\"upload-1[]\" id=\"forminator-field-upload-1_6a053cf7395ef\" class=\"forminator-input-file forminator-field-upload-1_6a053cf7395ef-16377\" multiple=\"multiple\" data-method=\"ajax\" accept=\".webp,.css,.htm,.html,.dfxp,.js,.json,.svg,.ttf,.otf,.jpg,.jpeg,.jpe,.png,.H\u00ecnh \u1ea3nh \u0111\u1ecbnh d\u1ea1ng png,.jpg,.jpeg\" data-size=\"5000000\" data-size-message=\"Maximum file size allowed is 5 MB. \" data-filetype=\"webp|css|htm|html|dfxp|js|json|svg|ttf|otf|jpg|jpeg|jpe|png|H\u00ecnh \u1ea3nh \u0111\u1ecbnh d\u1ea1ng png|jpg|jpeg\" data-filetype-message=\"file extension is not allowed.\"><div class=\"forminator-multi-upload-message\" aria-hidden=\"true\"><span class=\"forminator-icon-upload\" aria-hidden=\"true\"><\/span><p>Drag and Drop (or) <a class=\"forminator-upload-file--forminator-field-upload-1_6a053cf7395ef\" href=\"javascript:void(0)\">Choose Files<\/a><\/p><\/div><\/div><ul class=\"forminator-uploaded-files upload-container-upload-1_6a053cf7395ef\"><\/ul><\/div><\/div><\/div><div class=\"forminator-row\"><div id=\"captcha-1\" class=\"forminator-field-captcha forminator-col forminator-col-12\"><div class=\"forminator-g-recaptcha\" data-theme=\"light\"  data-sitekey=\"6LeX0UQpAAAAAPfI3Q7aIw3_ChFxNhQ7y55LAfj5\" data-size=\"normal\"><\/div> <\/div><\/div><input type=\"hidden\" name=\"referer_url\" value=\"\" \/><div class=\"forminator-row forminator-row-last\"><div class=\"forminator-col\"><div class=\"forminator-field\"><button class=\"forminator-button forminator-button-submit\">Register for deposit<\/button><\/div><\/div><\/div><input type=\"hidden\" id=\"forminator_nonce\" name=\"forminator_nonce\" value=\"cf72021fab\" \/><input type=\"hidden\" name=\"_wp_http_referer\" value=\"\/en\/wp-json\/wp\/v2\/pages\/10806\" \/><input type=\"hidden\" name=\"form_id\" value=\"16377\"><input type=\"hidden\" name=\"page_id\" value=\"10806\"><input type=\"hidden\" name=\"form_type\" value=\"default\"><input type=\"hidden\" name=\"current_url\" value=\"https:\/\/www.galaxyoffice.vn\/en\/ky-gui-van-phong\/\"><input type=\"hidden\" name=\"render_id\" value=\"0\"><input type=\"hidden\" name=\"forminator-multifile-hidden\" class=\"forminator-multifile-hidden\"><input type=\"hidden\" name=\"action\" value=\"forminator_submit_form_custom-forms\"><input type=\"hidden\" name=\"trp-form-language\" value=\"en\"\/><\/form>\n\n\t\t<\/div>\n\t\t\t\t\n<style>\n#col-1512896780 > .col-inner {\n  padding: 15px 15px 15px 15px;\n  border-radius: 20px;\n}\n<\/style>\n\t<\/div>\n\n\t\n\n<\/div>\n\n\t\t<\/div>\n\t\t\t\t\t<\/div>\n\n\t\n\n\n<style>\n#row-1509136272 > .col > .col-inner {\n  padding: 30px 0px 0px 0px;\n}\n<\/style>\n<\/div>\n<div class=\"row\"  id=\"row-126852393\">\n\n\n\t<div id=\"col-1578277159\" class=\"col small-12 large-12\"  >\n\t\t\t\t<div class=\"col-inner\"  >\n\t\t\t\n\t\t\t\n\n<h2><strong>OUR COMMITMENT<\/strong><\/h2>\n<ul>\n<li>Save time and ensure the highest benefits for our partners.<\/li>\n<li>The building's image is as professionally constructed and impressive as possible.<\/li>\n<li>Receive price and rental policy advice from leading experts who understand the market.<\/li>\n<li>Deliver information to customers as quickly and accurately as possible.<\/li>\n<li>Ensure the absolute confidentiality of the information provided.<\/li>\n<\/ul>\n\n\t\t<\/div>\n\t\t\t\t\t<\/div>\n\n\t\n\n<\/div>\n\n\t\t<\/div>\n\n\t\t\n<style>\n#section_865177687 {\n  padding-top: 60px;\n  padding-bottom: 60px;\n  min-height: 600px;\n}\n<\/style>\n\t<\/section>","protected":false},"excerpt":{"rendered":"","protected":false},"author":1,"featured_media":0,"parent":0,"menu_order":0,"comment_status":"closed","ping_status":"closed","template":"page-blank.php","meta":{"footnotes":""},"acf":[],"yoast_head":"<!-- This site is optimized with the Yoast SEO plugin v21.5 - https:\/\/yoast.com\/wordpress\/plugins\/seo\/ -->\n<title>K\u00fd g\u1eedi v\u0103n ph\u00f2ng H\u1ed3 Ch\u00ed Minh | Nhanh ch\u00f3ng, Hi\u1ec7u qu\u1ea3!<\/title>\n<meta name=\"description\" content=\"K\u00ednh m\u1eddi Qu\u00fd \u0111\u1ed1i t\u00e1c c\u1ee7a GALAXY OFFICE k\u00fd g\u1eedi th\u00f4ng tin v\u0103n ph\u00f2ng cho thu\u00ea t\u1ea1i khu v\u1ef1c TPHCM. Hotine\/Zalo 0939.663.882\" \/>\n<meta name=\"robots\" content=\"index, follow, max-snippet:-1, max-image-preview:large, max-video-preview:-1\" \/>\n<link rel=\"canonical\" href=\"https:\/\/www.galaxyoffice.vn\/en\/ky-gui-van-phong\/\" \/>\n<meta property=\"og:locale\" content=\"en_US\" \/>\n<meta property=\"og:type\" content=\"article\" \/>\n<meta property=\"og:title\" content=\"K\u00fd g\u1eedi v\u0103n ph\u00f2ng H\u1ed3 Ch\u00ed Minh | Nhanh ch\u00f3ng, Hi\u1ec7u qu\u1ea3!\" \/>\n<meta property=\"og:description\" content=\"K\u00ednh m\u1eddi Qu\u00fd \u0111\u1ed1i t\u00e1c c\u1ee7a GALAXY OFFICE k\u00fd g\u1eedi th\u00f4ng tin v\u0103n ph\u00f2ng cho thu\u00ea t\u1ea1i khu v\u1ef1c TPHCM. Hotine\/Zalo 0939.663.882\" \/>\n<meta property=\"og:url\" content=\"https:\/\/www.galaxyoffice.vn\/en\/ky-gui-van-phong\/\" \/>\n<meta property=\"og:site_name\" content=\"Galaxy Office\" \/>\n<meta property=\"article:publisher\" content=\"https:\/\/www.facebook.com\/galaxyofficevn\" \/>\n<meta property=\"article:modified_time\" content=\"2026-04-21T03:13:05+00:00\" \/>\n<meta property=\"og:image\" content=\"https:\/\/www.galaxyoffice.vn\/wp-content\/uploads\/2025\/03\/ky-gui-van-phong.jpg\" \/>\n\t<meta property=\"og:image:width\" content=\"1280\" \/>\n\t<meta property=\"og:image:height\" content=\"954\" \/>\n\t<meta property=\"og:image:type\" content=\"image\/jpeg\" \/>\n<meta name=\"twitter:card\" content=\"summary_large_image\" \/>\n<meta name=\"twitter:label1\" content=\"Est. reading time\" \/>\n\t<meta name=\"twitter:data1\" content=\"2 minutes\" \/>\n<script type=\"application\/ld+json\" class=\"yoast-schema-graph\">{\"@context\":\"https:\/\/schema.org\",\"@graph\":[{\"@type\":\"WebPage\",\"@id\":\"https:\/\/www.galaxyoffice.vn\/ky-gui-van-phong\/\",\"url\":\"https:\/\/www.galaxyoffice.vn\/ky-gui-van-phong\/\",\"name\":\"K\u00fd g\u1eedi v\u0103n ph\u00f2ng H\u1ed3 Ch\u00ed Minh | Nhanh ch\u00f3ng, Hi\u1ec7u qu\u1ea3!\",\"isPartOf\":{\"@id\":\"https:\/\/www.galaxyoffice.vn\/#website\"},\"datePublished\":\"2023-11-20T09:59:23+00:00\",\"dateModified\":\"2026-04-21T03:13:05+00:00\",\"description\":\"K\u00ednh m\u1eddi Qu\u00fd \u0111\u1ed1i t\u00e1c c\u1ee7a GALAXY OFFICE k\u00fd g\u1eedi th\u00f4ng tin v\u0103n ph\u00f2ng cho thu\u00ea t\u1ea1i khu v\u1ef1c TPHCM. Hotine\/Zalo 0939.663.882\",\"breadcrumb\":{\"@id\":\"https:\/\/www.galaxyoffice.vn\/ky-gui-van-phong\/#breadcrumb\"},\"inLanguage\":\"en-US\",\"potentialAction\":[{\"@type\":\"ReadAction\",\"target\":[\"https:\/\/www.galaxyoffice.vn\/ky-gui-van-phong\/\"]}]},{\"@type\":\"BreadcrumbList\",\"@id\":\"https:\/\/www.galaxyoffice.vn\/ky-gui-van-phong\/#breadcrumb\",\"itemListElement\":[{\"@type\":\"ListItem\",\"position\":1,\"name\":\"Trang ch\u1ee7\",\"item\":\"https:\/\/www.galaxyoffice.vn\/\"},{\"@type\":\"ListItem\",\"position\":2,\"name\":\"K\u00fd g\u1eedi v\u0103n ph\u00f2ng\"}]},{\"@type\":\"WebSite\",\"@id\":\"https:\/\/www.galaxyoffice.vn\/#website\",\"url\":\"https:\/\/www.galaxyoffice.vn\/\",\"name\":\"Galaxy Office | Cho thu\u00ea v\u0103n ph\u00f2ng TPHCM\",\"description\":\"Cho thu\u00ea v\u0103n ph\u00f2ng\",\"publisher\":{\"@id\":\"https:\/\/www.galaxyoffice.vn\/#organization\"},\"alternateName\":\"Galaxy Office\",\"potentialAction\":[{\"@type\":\"SearchAction\",\"target\":{\"@type\":\"EntryPoint\",\"urlTemplate\":\"https:\/\/www.galaxyoffice.vn\/?s={search_term_string}\"},\"query-input\":\"required name=search_term_string\"}],\"inLanguage\":\"en-US\"},{\"@type\":\"Organization\",\"@id\":\"https:\/\/www.galaxyoffice.vn\/#organization\",\"name\":\"Galaxy Office | Cho thu\u00ea v\u0103n ph\u00f2ng TPHCM\",\"alternateName\":\"Galaxy Office\",\"url\":\"https:\/\/www.galaxyoffice.vn\/\",\"logo\":{\"@type\":\"ImageObject\",\"inLanguage\":\"en-US\",\"@id\":\"https:\/\/www.galaxyoffice.vn\/#\/schema\/logo\/image\/\",\"url\":\"https:\/\/www.galaxyoffice.vn\/wp-content\/uploads\/2023\/11\/GalaxyArtboard-1logo_NOBG-e1700366593952.png\",\"contentUrl\":\"https:\/\/www.galaxyoffice.vn\/wp-content\/uploads\/2023\/11\/GalaxyArtboard-1logo_NOBG-e1700366593952.png\",\"width\":2517,\"height\":1090,\"caption\":\"Galaxy Office | Cho thu\u00ea v\u0103n ph\u00f2ng TPHCM\"},\"image\":{\"@id\":\"https:\/\/www.galaxyoffice.vn\/#\/schema\/logo\/image\/\"},\"sameAs\":[\"https:\/\/www.facebook.com\/galaxyofficevn\",\"https:\/\/www.linkedin.com\/company\/galaxy-office\"]}]}<\/script>\n<!-- \/ Yoast SEO plugin. -->","yoast_head_json":{"title":"K\u00fd g\u1eedi v\u0103n ph\u00f2ng H\u1ed3 Ch\u00ed Minh | Nhanh ch\u00f3ng, Hi\u1ec7u qu\u1ea3!","description":"K\u00ednh m\u1eddi Qu\u00fd \u0111\u1ed1i t\u00e1c c\u1ee7a GALAXY OFFICE k\u00fd g\u1eedi th\u00f4ng tin v\u0103n ph\u00f2ng cho thu\u00ea t\u1ea1i khu v\u1ef1c TPHCM. Hotine\/Zalo 0939.663.882","robots":{"index":"index","follow":"follow","max-snippet":"max-snippet:-1","max-image-preview":"max-image-preview:large","max-video-preview":"max-video-preview:-1"},"canonical":"https:\/\/www.galaxyoffice.vn\/en\/ky-gui-van-phong\/","og_locale":"en_US","og_type":"article","og_title":"K\u00fd g\u1eedi v\u0103n ph\u00f2ng H\u1ed3 Ch\u00ed Minh | Nhanh ch\u00f3ng, Hi\u1ec7u qu\u1ea3!","og_description":"K\u00ednh m\u1eddi Qu\u00fd \u0111\u1ed1i t\u00e1c c\u1ee7a GALAXY OFFICE k\u00fd g\u1eedi th\u00f4ng tin v\u0103n ph\u00f2ng cho thu\u00ea t\u1ea1i khu v\u1ef1c TPHCM. Hotine\/Zalo 0939.663.882","og_url":"https:\/\/www.galaxyoffice.vn\/en\/ky-gui-van-phong\/","og_site_name":"Galaxy Office","article_publisher":"https:\/\/www.facebook.com\/galaxyofficevn","article_modified_time":"2026-04-21T03:13:05+00:00","og_image":[{"width":1280,"height":954,"url":"https:\/\/www.galaxyoffice.vn\/wp-content\/uploads\/2025\/03\/ky-gui-van-phong.jpg","type":"image\/jpeg"}],"twitter_card":"summary_large_image","twitter_misc":{"Est. reading time":"2 minutes"},"schema":{"@context":"https:\/\/schema.org","@graph":[{"@type":"WebPage","@id":"https:\/\/www.galaxyoffice.vn\/ky-gui-van-phong\/","url":"https:\/\/www.galaxyoffice.vn\/ky-gui-van-phong\/","name":"K\u00fd g\u1eedi v\u0103n ph\u00f2ng H\u1ed3 Ch\u00ed Minh | Nhanh ch\u00f3ng, Hi\u1ec7u qu\u1ea3!","isPartOf":{"@id":"https:\/\/www.galaxyoffice.vn\/#website"},"datePublished":"2023-11-20T09:59:23+00:00","dateModified":"2026-04-21T03:13:05+00:00","description":"K\u00ednh m\u1eddi Qu\u00fd \u0111\u1ed1i t\u00e1c c\u1ee7a GALAXY OFFICE k\u00fd g\u1eedi th\u00f4ng tin v\u0103n ph\u00f2ng cho thu\u00ea t\u1ea1i khu v\u1ef1c TPHCM. Hotine\/Zalo 0939.663.882","breadcrumb":{"@id":"https:\/\/www.galaxyoffice.vn\/ky-gui-van-phong\/#breadcrumb"},"inLanguage":"en-US","potentialAction":[{"@type":"ReadAction","target":["https:\/\/www.galaxyoffice.vn\/ky-gui-van-phong\/"]}]},{"@type":"BreadcrumbList","@id":"https:\/\/www.galaxyoffice.vn\/ky-gui-van-phong\/#breadcrumb","itemListElement":[{"@type":"ListItem","position":1,"name":"Trang ch\u1ee7","item":"https:\/\/www.galaxyoffice.vn\/"},{"@type":"ListItem","position":2,"name":"K\u00fd g\u1eedi v\u0103n ph\u00f2ng"}]},{"@type":"WebSite","@id":"https:\/\/www.galaxyoffice.vn\/#website","url":"https:\/\/www.galaxyoffice.vn\/","name":"Galaxy Office | Cho thu\u00ea v\u0103n ph\u00f2ng TPHCM","description":"Cho thu\u00ea v\u0103n ph\u00f2ng","publisher":{"@id":"https:\/\/www.galaxyoffice.vn\/#organization"},"alternateName":"Galaxy Office","potentialAction":[{"@type":"SearchAction","target":{"@type":"EntryPoint","urlTemplate":"https:\/\/www.galaxyoffice.vn\/?s={search_term_string}"},"query-input":"required name=search_term_string"}],"inLanguage":"en-US"},{"@type":"Organization","@id":"https:\/\/www.galaxyoffice.vn\/#organization","name":"Galaxy Office | Cho thu\u00ea v\u0103n ph\u00f2ng TPHCM","alternateName":"Galaxy Office","url":"https:\/\/www.galaxyoffice.vn\/","logo":{"@type":"ImageObject","inLanguage":"en-US","@id":"https:\/\/www.galaxyoffice.vn\/#\/schema\/logo\/image\/","url":"https:\/\/www.galaxyoffice.vn\/wp-content\/uploads\/2023\/11\/GalaxyArtboard-1logo_NOBG-e1700366593952.png","contentUrl":"https:\/\/www.galaxyoffice.vn\/wp-content\/uploads\/2023\/11\/GalaxyArtboard-1logo_NOBG-e1700366593952.png","width":2517,"height":1090,"caption":"Galaxy Office | Cho thu\u00ea v\u0103n ph\u00f2ng TPHCM"},"image":{"@id":"https:\/\/www.galaxyoffice.vn\/#\/schema\/logo\/image\/"},"sameAs":["https:\/\/www.facebook.com\/galaxyofficevn","https:\/\/www.linkedin.com\/company\/galaxy-office"]}]}},"_links":{"self":[{"href":"https:\/\/www.galaxyoffice.vn\/en\/wp-json\/wp\/v2\/pages\/10806"}],"collection":[{"href":"https:\/\/www.galaxyoffice.vn\/en\/wp-json\/wp\/v2\/pages"}],"about":[{"href":"https:\/\/www.galaxyoffice.vn\/en\/wp-json\/wp\/v2\/types\/page"}],"author":[{"embeddable":true,"href":"https:\/\/www.galaxyoffice.vn\/en\/wp-json\/wp\/v2\/users\/1"}],"replies":[{"embeddable":true,"href":"https:\/\/www.galaxyoffice.vn\/en\/wp-json\/wp\/v2\/comments?post=10806"}],"version-history":[{"count":17,"href":"https:\/\/www.galaxyoffice.vn\/en\/wp-json\/wp\/v2\/pages\/10806\/revisions"}],"predecessor-version":[{"id":28924,"href":"https:\/\/www.galaxyoffice.vn\/en\/wp-json\/wp\/v2\/pages\/10806\/revisions\/28924"}],"wp:attachment":[{"href":"https:\/\/www.galaxyoffice.vn\/en\/wp-json\/wp\/v2\/media?parent=10806"}],"curies":[{"name":"wp","href":"https:\/\/api.w.org\/{rel}","templated":true}]}}