{"id":12729,"date":"2023-12-18T04:28:49","date_gmt":"2023-12-17T21:28:49","guid":{"rendered":"https:\/\/www.galaxyoffice.vn\/?page_id=12729"},"modified":"2023-12-24T23:02:25","modified_gmt":"2023-12-24T16:02:25","slug":"van-phong-six8-building","status":"publish","type":"page","link":"https:\/\/www.galaxyoffice.vn\/en\/van-phong-moi-khai-truong\/van-phong-six8-building\/","title":{"rendered":"V\u0103n ph\u00f2ng ShareRing"},"content":{"rendered":"","protected":false},"excerpt":{"rendered":"<p>T\u00f2a nh\u00e0 Six8: 24-26 Phan \u0110\u00ecnh Gi\u00f3t, Ph\u01b0\u1eddng 2, T\u00e2n B\u00ecnh, TPHCM<\/p>","protected":false},"author":1,"featured_media":13642,"parent":12723,"menu_order":0,"comment_status":"closed","ping_status":"closed","template":"","meta":{"footnotes":""},"acf":[],"yoast_head":"<!-- This site is optimized with the Yoast SEO plugin v21.5 - https:\/\/yoast.com\/wordpress\/plugins\/seo\/ -->\n<title>V\u0103n ph\u00f2ng ShareRing | Galaxy Office<\/title>\n<meta name=\"robots\" content=\"index, follow, max-snippet:-1, max-image-preview:large, max-video-preview:-1\" \/>\n<link rel=\"canonical\" href=\"https:\/\/www.galaxyoffice.vn\/en\/van-phong-moi-khai-truong\/van-phong-six8-building\/\" \/>\n<meta property=\"og:locale\" content=\"en_US\" \/>\n<meta property=\"og:type\" content=\"article\" \/>\n<meta property=\"og:title\" content=\"V\u0103n ph\u00f2ng ShareRing | Galaxy Office\" \/>\n<meta property=\"og:description\" content=\"T\u00f2a nh\u00e0 Six8: 24-26 Phan \u0110\u00ecnh Gi\u00f3t, Ph\u01b0\u1eddng 2, T\u00e2n B\u00ecnh, TPHCM\" \/>\n<meta property=\"og:url\" content=\"https:\/\/www.galaxyoffice.vn\/en\/van-phong-moi-khai-truong\/van-phong-six8-building\/\" \/>\n<meta property=\"og:site_name\" content=\"Galaxy Office\" \/>\n<meta property=\"article:publisher\" content=\"https:\/\/www.facebook.com\/galaxyofficevn\" \/>\n<meta property=\"article:modified_time\" content=\"2023-12-24T16:02:25+00:00\" \/>\n<meta property=\"og:image\" content=\"https:\/\/www.galaxyoffice.vn\/wp-content\/uploads\/2023\/12\/van-phong-sharering-six8-building.jpg\" \/>\n\t<meta property=\"og:image:width\" content=\"800\" \/>\n\t<meta property=\"og:image:height\" content=\"600\" \/>\n\t<meta property=\"og:image:type\" content=\"image\/jpeg\" \/>\n<meta name=\"twitter:card\" content=\"summary_large_image\" \/>\n<script type=\"application\/ld+json\" class=\"yoast-schema-graph\">{\"@context\":\"https:\/\/schema.org\",\"@graph\":[{\"@type\":\"WebPage\",\"@id\":\"https:\/\/www.galaxyoffice.vn\/van-phong-moi-khai-truong\/van-phong-six8-building\/\",\"url\":\"https:\/\/www.galaxyoffice.vn\/van-phong-moi-khai-truong\/van-phong-six8-building\/\",\"name\":\"V\u0103n ph\u00f2ng ShareRing | Galaxy Office\",\"isPartOf\":{\"@id\":\"https:\/\/www.galaxyoffice.vn\/#website\"},\"datePublished\":\"2023-12-17T21:28:49+00:00\",\"dateModified\":\"2023-12-24T16:02:25+00:00\",\"breadcrumb\":{\"@id\":\"https:\/\/www.galaxyoffice.vn\/van-phong-moi-khai-truong\/van-phong-six8-building\/#breadcrumb\"},\"inLanguage\":\"en-US\",\"potentialAction\":[{\"@type\":\"ReadAction\",\"target\":[\"https:\/\/www.galaxyoffice.vn\/van-phong-moi-khai-truong\/van-phong-six8-building\/\"]}]},{\"@type\":\"BreadcrumbList\",\"@id\":\"https:\/\/www.galaxyoffice.vn\/van-phong-moi-khai-truong\/van-phong-six8-building\/#breadcrumb\",\"itemListElement\":[{\"@type\":\"ListItem\",\"position\":1,\"name\":\"Trang ch\u1ee7\",\"item\":\"https:\/\/www.galaxyoffice.vn\/\"},{\"@type\":\"ListItem\",\"position\":2,\"name\":\"V\u0103n ph\u00f2ng m\u1edbi khai tr\u01b0\u01a1ng\",\"item\":\"https:\/\/www.galaxyoffice.vn\/van-phong-moi-khai-truong\/\"},{\"@type\":\"ListItem\",\"position\":3,\"name\":\"V\u0103n ph\u00f2ng ShareRing\"}]},{\"@type\":\"WebSite\",\"@id\":\"https:\/\/www.galaxyoffice.vn\/#website\",\"url\":\"https:\/\/www.galaxyoffice.vn\/\",\"name\":\"Galaxy Office | Cho thu\u00ea v\u0103n ph\u00f2ng TPHCM\",\"description\":\"Cho thu\u00ea v\u0103n ph\u00f2ng\",\"publisher\":{\"@id\":\"https:\/\/www.galaxyoffice.vn\/#organization\"},\"alternateName\":\"Galaxy Office\",\"potentialAction\":[{\"@type\":\"SearchAction\",\"target\":{\"@type\":\"EntryPoint\",\"urlTemplate\":\"https:\/\/www.galaxyoffice.vn\/?s={search_term_string}\"},\"query-input\":\"required name=search_term_string\"}],\"inLanguage\":\"en-US\"},{\"@type\":\"Organization\",\"@id\":\"https:\/\/www.galaxyoffice.vn\/#organization\",\"name\":\"Galaxy Office | Cho thu\u00ea v\u0103n ph\u00f2ng TPHCM\",\"alternateName\":\"Galaxy Office\",\"url\":\"https:\/\/www.galaxyoffice.vn\/\",\"logo\":{\"@type\":\"ImageObject\",\"inLanguage\":\"en-US\",\"@id\":\"https:\/\/www.galaxyoffice.vn\/#\/schema\/logo\/image\/\",\"url\":\"https:\/\/www.galaxyoffice.vn\/wp-content\/uploads\/2023\/11\/GalaxyArtboard-1logo_NOBG-e1700366593952.png\",\"contentUrl\":\"https:\/\/www.galaxyoffice.vn\/wp-content\/uploads\/2023\/11\/GalaxyArtboard-1logo_NOBG-e1700366593952.png\",\"width\":2517,\"height\":1090,\"caption\":\"Galaxy Office | Cho thu\u00ea v\u0103n ph\u00f2ng TPHCM\"},\"image\":{\"@id\":\"https:\/\/www.galaxyoffice.vn\/#\/schema\/logo\/image\/\"},\"sameAs\":[\"https:\/\/www.facebook.com\/galaxyofficevn\",\"https:\/\/www.linkedin.com\/company\/galaxy-office\"]}]}<\/script>\n<!-- \/ Yoast SEO plugin. -->","yoast_head_json":{"title":"V\u0103n ph\u00f2ng ShareRing | Galaxy Office","robots":{"index":"index","follow":"follow","max-snippet":"max-snippet:-1","max-image-preview":"max-image-preview:large","max-video-preview":"max-video-preview:-1"},"canonical":"https:\/\/www.galaxyoffice.vn\/en\/van-phong-moi-khai-truong\/van-phong-six8-building\/","og_locale":"en_US","og_type":"article","og_title":"V\u0103n ph\u00f2ng ShareRing | Galaxy Office","og_description":"T\u00f2a nh\u00e0 Six8: 24-26 Phan \u0110\u00ecnh Gi\u00f3t, Ph\u01b0\u1eddng 2, T\u00e2n B\u00ecnh, TPHCM","og_url":"https:\/\/www.galaxyoffice.vn\/en\/van-phong-moi-khai-truong\/van-phong-six8-building\/","og_site_name":"Galaxy Office","article_publisher":"https:\/\/www.facebook.com\/galaxyofficevn","article_modified_time":"2023-12-24T16:02:25+00:00","og_image":[{"width":800,"height":600,"url":"https:\/\/www.galaxyoffice.vn\/wp-content\/uploads\/2023\/12\/van-phong-sharering-six8-building.jpg","type":"image\/jpeg"}],"twitter_card":"summary_large_image","schema":{"@context":"https:\/\/schema.org","@graph":[{"@type":"WebPage","@id":"https:\/\/www.galaxyoffice.vn\/van-phong-moi-khai-truong\/van-phong-six8-building\/","url":"https:\/\/www.galaxyoffice.vn\/van-phong-moi-khai-truong\/van-phong-six8-building\/","name":"V\u0103n ph\u00f2ng ShareRing | Galaxy Office","isPartOf":{"@id":"https:\/\/www.galaxyoffice.vn\/#website"},"datePublished":"2023-12-17T21:28:49+00:00","dateModified":"2023-12-24T16:02:25+00:00","breadcrumb":{"@id":"https:\/\/www.galaxyoffice.vn\/van-phong-moi-khai-truong\/van-phong-six8-building\/#breadcrumb"},"inLanguage":"en-US","potentialAction":[{"@type":"ReadAction","target":["https:\/\/www.galaxyoffice.vn\/van-phong-moi-khai-truong\/van-phong-six8-building\/"]}]},{"@type":"BreadcrumbList","@id":"https:\/\/www.galaxyoffice.vn\/van-phong-moi-khai-truong\/van-phong-six8-building\/#breadcrumb","itemListElement":[{"@type":"ListItem","position":1,"name":"Trang ch\u1ee7","item":"https:\/\/www.galaxyoffice.vn\/"},{"@type":"ListItem","position":2,"name":"V\u0103n ph\u00f2ng m\u1edbi khai tr\u01b0\u01a1ng","item":"https:\/\/www.galaxyoffice.vn\/van-phong-moi-khai-truong\/"},{"@type":"ListItem","position":3,"name":"V\u0103n ph\u00f2ng ShareRing"}]},{"@type":"WebSite","@id":"https:\/\/www.galaxyoffice.vn\/#website","url":"https:\/\/www.galaxyoffice.vn\/","name":"Galaxy Office | Cho thu\u00ea v\u0103n ph\u00f2ng TPHCM","description":"Cho thu\u00ea v\u0103n ph\u00f2ng","publisher":{"@id":"https:\/\/www.galaxyoffice.vn\/#organization"},"alternateName":"Galaxy Office","potentialAction":[{"@type":"SearchAction","target":{"@type":"EntryPoint","urlTemplate":"https:\/\/www.galaxyoffice.vn\/?s={search_term_string}"},"query-input":"required name=search_term_string"}],"inLanguage":"en-US"},{"@type":"Organization","@id":"https:\/\/www.galaxyoffice.vn\/#organization","name":"Galaxy Office | Cho thu\u00ea v\u0103n ph\u00f2ng TPHCM","alternateName":"Galaxy Office","url":"https:\/\/www.galaxyoffice.vn\/","logo":{"@type":"ImageObject","inLanguage":"en-US","@id":"https:\/\/www.galaxyoffice.vn\/#\/schema\/logo\/image\/","url":"https:\/\/www.galaxyoffice.vn\/wp-content\/uploads\/2023\/11\/GalaxyArtboard-1logo_NOBG-e1700366593952.png","contentUrl":"https:\/\/www.galaxyoffice.vn\/wp-content\/uploads\/2023\/11\/GalaxyArtboard-1logo_NOBG-e1700366593952.png","width":2517,"height":1090,"caption":"Galaxy Office | Cho thu\u00ea v\u0103n ph\u00f2ng TPHCM"},"image":{"@id":"https:\/\/www.galaxyoffice.vn\/#\/schema\/logo\/image\/"},"sameAs":["https:\/\/www.facebook.com\/galaxyofficevn","https:\/\/www.linkedin.com\/company\/galaxy-office"]}]}},"_links":{"self":[{"href":"https:\/\/www.galaxyoffice.vn\/en\/wp-json\/wp\/v2\/pages\/12729"}],"collection":[{"href":"https:\/\/www.galaxyoffice.vn\/en\/wp-json\/wp\/v2\/pages"}],"about":[{"href":"https:\/\/www.galaxyoffice.vn\/en\/wp-json\/wp\/v2\/types\/page"}],"author":[{"embeddable":true,"href":"https:\/\/www.galaxyoffice.vn\/en\/wp-json\/wp\/v2\/users\/1"}],"replies":[{"embeddable":true,"href":"https:\/\/www.galaxyoffice.vn\/en\/wp-json\/wp\/v2\/comments?post=12729"}],"version-history":[{"count":5,"href":"https:\/\/www.galaxyoffice.vn\/en\/wp-json\/wp\/v2\/pages\/12729\/revisions"}],"predecessor-version":[{"id":13677,"href":"https:\/\/www.galaxyoffice.vn\/en\/wp-json\/wp\/v2\/pages\/12729\/revisions\/13677"}],"up":[{"embeddable":true,"href":"https:\/\/www.galaxyoffice.vn\/en\/wp-json\/wp\/v2\/pages\/12723"}],"wp:featuredmedia":[{"embeddable":true,"href":"https:\/\/www.galaxyoffice.vn\/en\/wp-json\/wp\/v2\/media\/13642"}],"wp:attachment":[{"href":"https:\/\/www.galaxyoffice.vn\/en\/wp-json\/wp\/v2\/media?parent=12729"}],"curies":[{"name":"wp","href":"https:\/\/api.w.org\/{rel}","templated":true}]}}