{"id":18035,"date":"2024-03-30T13:57:59","date_gmt":"2024-03-30T06:57:59","guid":{"rendered":"https:\/\/www.galaxyoffice.vn\/?page_id=18035"},"modified":"2024-05-22T09:14:25","modified_gmt":"2024-05-22T02:14:25","slug":"thong-tin-ty-gia","status":"publish","type":"page","link":"https:\/\/www.galaxyoffice.vn\/en\/thong-tin-ty-gia\/","title":{"rendered":"Exchange Rate Information"},"content":{"rendered":"<div id=\"page-header-1478827783\" class=\"page-header-wrapper\">\n  <div class=\"page-title dark featured-title\">\n\n    \n    <div class=\"page-title-inner container align-center flex-row medium-flex-wrap\" >\n              <div class=\"title-wrapper flex-col text-left medium-text-center\">\n          <h1 class=\"entry-title mb-0\">\n            Exchange Rate Information          <\/h1>\n        <\/div>\n                    <div class=\"title-content flex-col flex-right text-right medium-text-center\">\n        <div class=\"title-breadcrumbs pb-half pt-half\"><\/div>      <\/div>\n    <\/div>\n\n       <\/div>\n    <\/div>\n  \n\n\t<section class=\"section\" id=\"section_1362974733\">\n\t\t<div class=\"bg section-bg fill bg-fill bg-loaded bg-loaded\" >\n\n\t\t\t\n\t\t\t\n\t\t\t\n\n\t\t<\/div>\n\n\t\t\n\n\t\t<div class=\"section-content relative\">\n\t\t\t\n\n<div class=\"row\"  id=\"row-640548753\">\n\n\n\t<div id=\"col-1847514005\" class=\"col small-12 large-12\"  >\n\t\t\t\t<div class=\"col-inner\"  >\n\t\t\t\n\t\t\t\n\n<p class=\"her_note\"><em>Exchange rate updated at 15:17 14\/04\/2026<br>Source: Vietcombank<\/em><\/p><table class=\"her_info\"><thead><th>Code<\/th><th>Currency Name<\/th><th>Cash Buy<\/th><th>Transfer Buy<\/th><th>Sell<\/th><\/thead><tbody><tr><td><img decoding=\"async\" src=\"https:\/\/www.galaxyoffice.vn\/wp-content\/plugins\/haova-exchange-rate\/flags\/im_flag_usd.svg\">USD<\/td><td>US DOLLAR           <\/td><td>26,111.00<\/td><td>26,141.00<\/td><td>26,361.00<\/td><\/tr><tr><td><img decoding=\"async\" src=\"https:\/\/www.galaxyoffice.vn\/wp-content\/plugins\/haova-exchange-rate\/flags\/im_flag_eur.svg\">EUR<\/td><td>EURO                <\/td><td>30,192.82<\/td><td>30,497.80<\/td><td>31,784.53<\/td><\/tr><tr><td><img decoding=\"async\" src=\"https:\/\/www.galaxyoffice.vn\/wp-content\/plugins\/haova-exchange-rate\/flags\/im_flag_gbp.svg\">GBP<\/td><td>POUND STERLING      <\/td><td>34,680.94<\/td><td>35,031.25<\/td><td>36,153.06<\/td><\/tr><tr><td><img decoding=\"async\" src=\"https:\/\/www.galaxyoffice.vn\/wp-content\/plugins\/haova-exchange-rate\/flags\/im_flag_jpy.svg\">JPY<\/td><td>YEN                 <\/td><td>159.74<\/td><td>161.35<\/td><td>169.89<\/td><\/tr><tr><td><img decoding=\"async\" src=\"https:\/\/www.galaxyoffice.vn\/wp-content\/plugins\/haova-exchange-rate\/flags\/im_flag_aud.svg\">AUD<\/td><td>AUSTRALIAN DOLLAR   <\/td><td>18,180.87<\/td><td>18,364.51<\/td><td>18,952.61<\/td><\/tr><tr><td><img decoding=\"async\" src=\"https:\/\/www.galaxyoffice.vn\/wp-content\/plugins\/haova-exchange-rate\/flags\/im_flag_sgd.svg\">SGD<\/td><td>SINGAPORE DOLLAR    <\/td><td>20,145.81<\/td><td>20,349.30<\/td><td>21,043.00<\/td><\/tr><tr><td><img decoding=\"async\" src=\"https:\/\/www.galaxyoffice.vn\/wp-content\/plugins\/haova-exchange-rate\/flags\/im_flag_thb.svg\">THB<\/td><td>THAILAND BAHT       <\/td><td>725.14<\/td><td>805.72<\/td><td>839.88<\/td><\/tr><tr><td><img decoding=\"async\" src=\"https:\/\/www.galaxyoffice.vn\/wp-content\/plugins\/haova-exchange-rate\/flags\/im_flag_cad.svg\">CAD<\/td><td>CANADIAN DOLLAR     <\/td><td>18,624.81<\/td><td>18,812.94<\/td><td>19,415.39<\/td><\/tr><tr><td><img decoding=\"async\" src=\"https:\/\/www.galaxyoffice.vn\/wp-content\/plugins\/haova-exchange-rate\/flags\/im_flag_chf.svg\">CHF<\/td><td>SWISS FRANC         <\/td><td>32,784.32<\/td><td>33,115.48<\/td><td>34,175.94<\/td><\/tr><tr><td><img decoding=\"async\" src=\"https:\/\/www.galaxyoffice.vn\/wp-content\/plugins\/haova-exchange-rate\/flags\/im_flag_hkd.svg\">HKD<\/td><td>HONGKONG DOLLAR     <\/td><td>3,267.52<\/td><td>3,300.52<\/td><td>3,426.72<\/td><\/tr><tr><td><img decoding=\"async\" src=\"https:\/\/www.galaxyoffice.vn\/wp-content\/plugins\/haova-exchange-rate\/flags\/im_flag_cny.svg\">CNY<\/td><td>YUAN RENMINBI       <\/td><td>3,765.07<\/td><td>3,803.10<\/td><td>3,924.89<\/td><\/tr><tr><td><img decoding=\"async\" src=\"https:\/\/www.galaxyoffice.vn\/wp-content\/plugins\/haova-exchange-rate\/flags\/im_flag_dkk.svg\">DKK<\/td><td>DANISH KRONE        <\/td><td>-<\/td><td>4,071.14<\/td><td>4,226.80<\/td><\/tr><tr><td><img decoding=\"async\" src=\"https:\/\/www.galaxyoffice.vn\/wp-content\/plugins\/haova-exchange-rate\/flags\/im_flag_inr.svg\">INR<\/td><td>INDIAN RUPEE        <\/td><td>-<\/td><td>280.69<\/td><td>292.77<\/td><\/tr><tr><td><img decoding=\"async\" src=\"https:\/\/www.galaxyoffice.vn\/wp-content\/plugins\/haova-exchange-rate\/flags\/im_flag_krw.svg\">KRW<\/td><td>KOREAN WON          <\/td><td>15.36<\/td><td>17.07<\/td><td>18.52<\/td><\/tr><tr><td><img decoding=\"async\" src=\"https:\/\/www.galaxyoffice.vn\/wp-content\/plugins\/haova-exchange-rate\/flags\/im_flag_kwd.svg\">KWD<\/td><td>KUWAITI DINAR       <\/td><td>-<\/td><td>85,429.30<\/td><td>89,569.74<\/td><\/tr><tr><td><img decoding=\"async\" src=\"https:\/\/www.galaxyoffice.vn\/wp-content\/plugins\/haova-exchange-rate\/flags\/im_flag_myr.svg\">MYR<\/td><td>MALAYSIAN RINGGIT   <\/td><td>-<\/td><td>6,589.39<\/td><td>6,732.73<\/td><\/tr><tr><td><img decoding=\"async\" src=\"https:\/\/www.galaxyoffice.vn\/wp-content\/plugins\/haova-exchange-rate\/flags\/im_flag_nok.svg\">NOK<\/td><td>NORWEGIAN KRONER    <\/td><td>-<\/td><td>2,732.51<\/td><td>2,848.37<\/td><\/tr><tr><td><img decoding=\"async\" src=\"https:\/\/www.galaxyoffice.vn\/wp-content\/plugins\/haova-exchange-rate\/flags\/im_flag_rub.svg\">RUB<\/td><td>RUSSIAN RUBLE       <\/td><td>-<\/td><td>328.47<\/td><td>363.59<\/td><\/tr><tr><td><img decoding=\"async\" src=\"https:\/\/www.galaxyoffice.vn\/wp-content\/plugins\/haova-exchange-rate\/flags\/im_flag_sar.svg\">SAR<\/td><td>SAUDI RIAL          <\/td><td>-<\/td><td>6,977.58<\/td><td>7,277.86<\/td><\/tr><tr><td><img decoding=\"async\" src=\"https:\/\/www.galaxyoffice.vn\/wp-content\/plugins\/haova-exchange-rate\/flags\/im_flag_sek.svg\">SEK<\/td><td>SWEDISH KRONA       <\/td><td>-<\/td><td>2,809.40<\/td><td>2,928.52<\/td><\/tr><\/tbody><\/table>\n\n\t\t<\/div>\n\t\t\t\t\t<\/div>\n\n\t\n\n<\/div>\n\n\t\t<\/div>\n\n\t\t\n<style>\n#section_1362974733 {\n  padding-top: 30px;\n  padding-bottom: 30px;\n}\n<\/style>\n\t<\/section>","protected":false},"excerpt":{"rendered":"","protected":false},"author":1,"featured_media":0,"parent":0,"menu_order":0,"comment_status":"closed","ping_status":"closed","template":"page-blank.php","meta":{"footnotes":""},"acf":[],"yoast_head":"<!-- This site is optimized with the Yoast SEO plugin v21.5 - https:\/\/yoast.com\/wordpress\/plugins\/seo\/ -->\n<title>Th\u00f4ng tin t\u1ef7 gi\u00e1 h\u00f4m nay, c\u1eadp nh\u1eadt m\u1edbi nh\u1ea5t | Galaxy Office<\/title>\n<meta name=\"description\" content=\"T\u1ef7 gi\u00e1 tham kh\u1ea3o gi\u1eefa \u0111\u1ed3ng Vi\u1ec7t Nam v\u00e0 c\u00e1c lo\u1ea1i ngo\u1ea1i t\u1ec7 t\u1ea1i C\u1ee5c Qu\u1ea3n l\u00fd d\u1ef1 tr\u1eef ngo\u1ea1i h\u1ed1i nh\u00e0 n\u01b0\u1edbc. T\u1ef7 gi\u00e1 \u00e1p d\u1ee5ng cho ng\u00e0y h\u00f4m nay theo VCB.\" \/>\n<meta name=\"robots\" content=\"index, follow, max-snippet:-1, max-image-preview:large, max-video-preview:-1\" \/>\n<link rel=\"canonical\" href=\"https:\/\/www.galaxyoffice.vn\/en\/thong-tin-ty-gia\/\" \/>\n<meta property=\"og:locale\" content=\"en_US\" \/>\n<meta property=\"og:type\" content=\"article\" \/>\n<meta property=\"og:title\" content=\"Th\u00f4ng tin t\u1ef7 gi\u00e1 h\u00f4m nay, c\u1eadp nh\u1eadt m\u1edbi nh\u1ea5t | Galaxy Office\" \/>\n<meta property=\"og:description\" content=\"T\u1ef7 gi\u00e1 tham kh\u1ea3o gi\u1eefa \u0111\u1ed3ng Vi\u1ec7t Nam v\u00e0 c\u00e1c lo\u1ea1i ngo\u1ea1i t\u1ec7 t\u1ea1i C\u1ee5c Qu\u1ea3n l\u00fd d\u1ef1 tr\u1eef ngo\u1ea1i h\u1ed1i nh\u00e0 n\u01b0\u1edbc. T\u1ef7 gi\u00e1 \u00e1p d\u1ee5ng cho ng\u00e0y h\u00f4m nay theo VCB.\" \/>\n<meta property=\"og:url\" content=\"https:\/\/www.galaxyoffice.vn\/en\/thong-tin-ty-gia\/\" \/>\n<meta property=\"og:site_name\" content=\"Galaxy Office\" \/>\n<meta property=\"article:publisher\" content=\"https:\/\/www.facebook.com\/galaxyofficevn\" \/>\n<meta property=\"article:modified_time\" content=\"2024-05-22T02:14:25+00:00\" \/>\n<meta property=\"og:image\" content=\"https:\/\/www.galaxyoffice.vn\/wp-content\/uploads\/2024\/05\/ty-gia-hom-nay.jpg\" \/>\n\t<meta property=\"og:image:width\" content=\"955\" \/>\n\t<meta property=\"og:image:height\" content=\"587\" \/>\n\t<meta property=\"og:image:type\" content=\"image\/jpeg\" \/>\n<meta name=\"twitter:card\" content=\"summary_large_image\" \/>\n<meta name=\"twitter:label1\" content=\"Est. reading time\" \/>\n\t<meta name=\"twitter:data1\" content=\"1 minute\" \/>\n<script type=\"application\/ld+json\" class=\"yoast-schema-graph\">{\"@context\":\"https:\/\/schema.org\",\"@graph\":[{\"@type\":\"WebPage\",\"@id\":\"https:\/\/www.galaxyoffice.vn\/thong-tin-ty-gia\/\",\"url\":\"https:\/\/www.galaxyoffice.vn\/thong-tin-ty-gia\/\",\"name\":\"Th\u00f4ng tin t\u1ef7 gi\u00e1 h\u00f4m nay, c\u1eadp nh\u1eadt m\u1edbi nh\u1ea5t | Galaxy Office\",\"isPartOf\":{\"@id\":\"https:\/\/www.galaxyoffice.vn\/#website\"},\"datePublished\":\"2024-03-30T06:57:59+00:00\",\"dateModified\":\"2024-05-22T02:14:25+00:00\",\"description\":\"T\u1ef7 gi\u00e1 tham kh\u1ea3o gi\u1eefa \u0111\u1ed3ng Vi\u1ec7t Nam v\u00e0 c\u00e1c lo\u1ea1i ngo\u1ea1i t\u1ec7 t\u1ea1i C\u1ee5c Qu\u1ea3n l\u00fd d\u1ef1 tr\u1eef ngo\u1ea1i h\u1ed1i nh\u00e0 n\u01b0\u1edbc. T\u1ef7 gi\u00e1 \u00e1p d\u1ee5ng cho ng\u00e0y h\u00f4m nay theo VCB.\",\"breadcrumb\":{\"@id\":\"https:\/\/www.galaxyoffice.vn\/thong-tin-ty-gia\/#breadcrumb\"},\"inLanguage\":\"en-US\",\"potentialAction\":[{\"@type\":\"ReadAction\",\"target\":[\"https:\/\/www.galaxyoffice.vn\/thong-tin-ty-gia\/\"]}]},{\"@type\":\"BreadcrumbList\",\"@id\":\"https:\/\/www.galaxyoffice.vn\/thong-tin-ty-gia\/#breadcrumb\",\"itemListElement\":[{\"@type\":\"ListItem\",\"position\":1,\"name\":\"Trang ch\u1ee7\",\"item\":\"https:\/\/www.galaxyoffice.vn\/\"},{\"@type\":\"ListItem\",\"position\":2,\"name\":\"Th\u00f4ng tin t\u1ef7 gi\u00e1\"}]},{\"@type\":\"WebSite\",\"@id\":\"https:\/\/www.galaxyoffice.vn\/#website\",\"url\":\"https:\/\/www.galaxyoffice.vn\/\",\"name\":\"Galaxy Office | Cho thu\u00ea v\u0103n ph\u00f2ng TPHCM\",\"description\":\"Cho thu\u00ea v\u0103n ph\u00f2ng\",\"publisher\":{\"@id\":\"https:\/\/www.galaxyoffice.vn\/#organization\"},\"alternateName\":\"Galaxy Office\",\"potentialAction\":[{\"@type\":\"SearchAction\",\"target\":{\"@type\":\"EntryPoint\",\"urlTemplate\":\"https:\/\/www.galaxyoffice.vn\/?s={search_term_string}\"},\"query-input\":\"required name=search_term_string\"}],\"inLanguage\":\"en-US\"},{\"@type\":\"Organization\",\"@id\":\"https:\/\/www.galaxyoffice.vn\/#organization\",\"name\":\"Galaxy Office | Cho thu\u00ea v\u0103n ph\u00f2ng TPHCM\",\"alternateName\":\"Galaxy Office\",\"url\":\"https:\/\/www.galaxyoffice.vn\/\",\"logo\":{\"@type\":\"ImageObject\",\"inLanguage\":\"en-US\",\"@id\":\"https:\/\/www.galaxyoffice.vn\/#\/schema\/logo\/image\/\",\"url\":\"https:\/\/www.galaxyoffice.vn\/wp-content\/uploads\/2023\/11\/GalaxyArtboard-1logo_NOBG-e1700366593952.png\",\"contentUrl\":\"https:\/\/www.galaxyoffice.vn\/wp-content\/uploads\/2023\/11\/GalaxyArtboard-1logo_NOBG-e1700366593952.png\",\"width\":2517,\"height\":1090,\"caption\":\"Galaxy Office | Cho thu\u00ea v\u0103n ph\u00f2ng TPHCM\"},\"image\":{\"@id\":\"https:\/\/www.galaxyoffice.vn\/#\/schema\/logo\/image\/\"},\"sameAs\":[\"https:\/\/www.facebook.com\/galaxyofficevn\",\"https:\/\/www.linkedin.com\/company\/galaxy-office\"]}]}<\/script>\n<!-- \/ Yoast SEO plugin. -->","yoast_head_json":{"title":"Th\u00f4ng tin t\u1ef7 gi\u00e1 h\u00f4m nay, c\u1eadp nh\u1eadt m\u1edbi nh\u1ea5t | Galaxy Office","description":"T\u1ef7 gi\u00e1 tham kh\u1ea3o gi\u1eefa \u0111\u1ed3ng Vi\u1ec7t Nam v\u00e0 c\u00e1c lo\u1ea1i ngo\u1ea1i t\u1ec7 t\u1ea1i C\u1ee5c Qu\u1ea3n l\u00fd d\u1ef1 tr\u1eef ngo\u1ea1i h\u1ed1i nh\u00e0 n\u01b0\u1edbc. T\u1ef7 gi\u00e1 \u00e1p d\u1ee5ng cho ng\u00e0y h\u00f4m nay theo VCB.","robots":{"index":"index","follow":"follow","max-snippet":"max-snippet:-1","max-image-preview":"max-image-preview:large","max-video-preview":"max-video-preview:-1"},"canonical":"https:\/\/www.galaxyoffice.vn\/en\/thong-tin-ty-gia\/","og_locale":"en_US","og_type":"article","og_title":"Th\u00f4ng tin t\u1ef7 gi\u00e1 h\u00f4m nay, c\u1eadp nh\u1eadt m\u1edbi nh\u1ea5t | Galaxy Office","og_description":"T\u1ef7 gi\u00e1 tham kh\u1ea3o gi\u1eefa \u0111\u1ed3ng Vi\u1ec7t Nam v\u00e0 c\u00e1c lo\u1ea1i ngo\u1ea1i t\u1ec7 t\u1ea1i C\u1ee5c Qu\u1ea3n l\u00fd d\u1ef1 tr\u1eef ngo\u1ea1i h\u1ed1i nh\u00e0 n\u01b0\u1edbc. T\u1ef7 gi\u00e1 \u00e1p d\u1ee5ng cho ng\u00e0y h\u00f4m nay theo VCB.","og_url":"https:\/\/www.galaxyoffice.vn\/en\/thong-tin-ty-gia\/","og_site_name":"Galaxy Office","article_publisher":"https:\/\/www.facebook.com\/galaxyofficevn","article_modified_time":"2024-05-22T02:14:25+00:00","og_image":[{"width":955,"height":587,"url":"https:\/\/www.galaxyoffice.vn\/wp-content\/uploads\/2024\/05\/ty-gia-hom-nay.jpg","type":"image\/jpeg"}],"twitter_card":"summary_large_image","twitter_misc":{"Est. reading time":"1 minute"},"schema":{"@context":"https:\/\/schema.org","@graph":[{"@type":"WebPage","@id":"https:\/\/www.galaxyoffice.vn\/thong-tin-ty-gia\/","url":"https:\/\/www.galaxyoffice.vn\/thong-tin-ty-gia\/","name":"Th\u00f4ng tin t\u1ef7 gi\u00e1 h\u00f4m nay, c\u1eadp nh\u1eadt m\u1edbi nh\u1ea5t | Galaxy Office","isPartOf":{"@id":"https:\/\/www.galaxyoffice.vn\/#website"},"datePublished":"2024-03-30T06:57:59+00:00","dateModified":"2024-05-22T02:14:25+00:00","description":"T\u1ef7 gi\u00e1 tham kh\u1ea3o gi\u1eefa \u0111\u1ed3ng Vi\u1ec7t Nam v\u00e0 c\u00e1c lo\u1ea1i ngo\u1ea1i t\u1ec7 t\u1ea1i C\u1ee5c Qu\u1ea3n l\u00fd d\u1ef1 tr\u1eef ngo\u1ea1i h\u1ed1i nh\u00e0 n\u01b0\u1edbc. T\u1ef7 gi\u00e1 \u00e1p d\u1ee5ng cho ng\u00e0y h\u00f4m nay theo VCB.","breadcrumb":{"@id":"https:\/\/www.galaxyoffice.vn\/thong-tin-ty-gia\/#breadcrumb"},"inLanguage":"en-US","potentialAction":[{"@type":"ReadAction","target":["https:\/\/www.galaxyoffice.vn\/thong-tin-ty-gia\/"]}]},{"@type":"BreadcrumbList","@id":"https:\/\/www.galaxyoffice.vn\/thong-tin-ty-gia\/#breadcrumb","itemListElement":[{"@type":"ListItem","position":1,"name":"Trang ch\u1ee7","item":"https:\/\/www.galaxyoffice.vn\/"},{"@type":"ListItem","position":2,"name":"Th\u00f4ng tin t\u1ef7 gi\u00e1"}]},{"@type":"WebSite","@id":"https:\/\/www.galaxyoffice.vn\/#website","url":"https:\/\/www.galaxyoffice.vn\/","name":"Galaxy Office | Cho thu\u00ea v\u0103n ph\u00f2ng TPHCM","description":"Cho thu\u00ea v\u0103n ph\u00f2ng","publisher":{"@id":"https:\/\/www.galaxyoffice.vn\/#organization"},"alternateName":"Galaxy Office","potentialAction":[{"@type":"SearchAction","target":{"@type":"EntryPoint","urlTemplate":"https:\/\/www.galaxyoffice.vn\/?s={search_term_string}"},"query-input":"required name=search_term_string"}],"inLanguage":"en-US"},{"@type":"Organization","@id":"https:\/\/www.galaxyoffice.vn\/#organization","name":"Galaxy Office | Cho thu\u00ea v\u0103n ph\u00f2ng TPHCM","alternateName":"Galaxy Office","url":"https:\/\/www.galaxyoffice.vn\/","logo":{"@type":"ImageObject","inLanguage":"en-US","@id":"https:\/\/www.galaxyoffice.vn\/#\/schema\/logo\/image\/","url":"https:\/\/www.galaxyoffice.vn\/wp-content\/uploads\/2023\/11\/GalaxyArtboard-1logo_NOBG-e1700366593952.png","contentUrl":"https:\/\/www.galaxyoffice.vn\/wp-content\/uploads\/2023\/11\/GalaxyArtboard-1logo_NOBG-e1700366593952.png","width":2517,"height":1090,"caption":"Galaxy Office | Cho thu\u00ea v\u0103n ph\u00f2ng TPHCM"},"image":{"@id":"https:\/\/www.galaxyoffice.vn\/#\/schema\/logo\/image\/"},"sameAs":["https:\/\/www.facebook.com\/galaxyofficevn","https:\/\/www.linkedin.com\/company\/galaxy-office"]}]}},"_links":{"self":[{"href":"https:\/\/www.galaxyoffice.vn\/en\/wp-json\/wp\/v2\/pages\/18035"}],"collection":[{"href":"https:\/\/www.galaxyoffice.vn\/en\/wp-json\/wp\/v2\/pages"}],"about":[{"href":"https:\/\/www.galaxyoffice.vn\/en\/wp-json\/wp\/v2\/types\/page"}],"author":[{"embeddable":true,"href":"https:\/\/www.galaxyoffice.vn\/en\/wp-json\/wp\/v2\/users\/1"}],"replies":[{"embeddable":true,"href":"https:\/\/www.galaxyoffice.vn\/en\/wp-json\/wp\/v2\/comments?post=18035"}],"version-history":[{"count":2,"href":"https:\/\/www.galaxyoffice.vn\/en\/wp-json\/wp\/v2\/pages\/18035\/revisions"}],"predecessor-version":[{"id":18086,"href":"https:\/\/www.galaxyoffice.vn\/en\/wp-json\/wp\/v2\/pages\/18035\/revisions\/18086"}],"wp:attachment":[{"href":"https:\/\/www.galaxyoffice.vn\/en\/wp-json\/wp\/v2\/media?parent=18035"}],"curies":[{"name":"wp","href":"https:\/\/api.w.org\/{rel}","templated":true}]}}