{"id":18411,"date":"2024-04-11T17:49:14","date_gmt":"2024-04-11T10:49:14","guid":{"rendered":"https:\/\/www.galaxyoffice.vn\/?page_id=18411"},"modified":"2024-04-11T23:20:06","modified_gmt":"2024-04-11T16:20:06","slug":"tinh-toan-dien-tich-thue","status":"publish","type":"page","link":"https:\/\/www.galaxyoffice.vn\/en\/tinh-toan-dien-tich-thue\/","title":{"rendered":"T\u00ednh to\u00e1n di\u1ec7n t\u00edch thu\u00ea"},"content":{"rendered":"<div id=\"page-header-2021297515\" class=\"page-header-wrapper\">\n  <div class=\"page-title dark featured-title\">\n\n    \n    <div class=\"page-title-inner container align-center flex-row medium-flex-wrap\" >\n              <div class=\"title-wrapper flex-col text-left medium-text-center\">\n          <h1 class=\"entry-title mb-0\">\n            T\u00ednh to\u00e1n di\u1ec7n t\u00edch thu\u00ea          <\/h1>\n        <\/div>\n                    <div class=\"title-content flex-col flex-right text-right medium-text-center\">\n        <div class=\"title-breadcrumbs pb-half pt-half\"><\/div>      <\/div>\n    <\/div>\n\n       <\/div>\n    <\/div>\n  \n\n\t<section class=\"section\" id=\"section_39481232\">\n\t\t<div class=\"bg section-bg fill bg-fill bg-loaded bg-loaded\" >\n\n\t\t\t\n\t\t\t\n\t\t\t\n\n\t\t<\/div>\n\n\t\t\n\n\t\t<div class=\"section-content relative\">\n\t\t\t\n\n<div class=\"row\"  id=\"row-208042590\">\n\n\n\t<div id=\"col-24974189\" class=\"col medium-8 small-12 large-8\"  >\n\t\t\t\t<div class=\"col-inner\"  >\n\t\t\t\n\t\t\t\n\n<form method=\"get\" class=\"hare_form\" action=\"\"><label>S\u1ed1 l\u01b0\u1ee3ng nh\u00e2n vi\u00ean <strong class=\"required\">*<\/strong><\/label><input type=\"number\" name=\"inp_nemployee\" min=\"1\" value=\"10\" required><label>Ti\u00eau chu\u1ea9n di\u1ec7n t\u00edch <strong class=\"required\">*<\/strong><\/label><select name=\"inp_astandard\" required><option value=\"3\" >Ti\u1ebft ki\u1ec7m (3 m2\/ng\u01b0\u1eddi)<\/option><option value=\"5\" selected>Trung b\u00ecnh (5 m2\/ng\u01b0\u1eddi)<\/option><option value=\"8\" >X\u1ecbn x\u00f2 (8 m2\/ng\u01b0\u1eddi)<\/option><\/select><label>Meeting room <strong class=\"required\">*<\/strong><\/label><select name=\"inp_meetingroom\" required><option value=\"1\" selected>Ph\u00f2ng h\u1ecdp nh\u1ecf (4 - 6 ng\u01b0\u1eddi)<\/option><option value=\"2\" >Ph\u00f2ng h\u1ecdp trung (8 - 12 ng\u01b0\u1eddi)<\/option><option value=\"3\" >Ph\u00f2ng h\u1ecdp l\u1edbn (14 - 20 ng\u01b0\u1eddi)<\/option><\/select><label>S\u1ed1 l\u01b0\u1ee3ng ph\u00f2ng ban <strong class=\"required\">*<\/strong><\/label><input type=\"number\" name=\"inp_ndepartment\" min=\"1\" value=\"1\" required><button class=\"button primary\">T\u00ednh to\u00e1n<\/button><input type=\"hidden\" name=\"trp-form-language\" value=\"en\"\/><\/form>\n\n\t\t<\/div>\n\t\t\t\t\t<\/div>\n\n\t\n\n\t<div id=\"col-1054330397\" class=\"col hide-for-small medium-4 small-12 large-4\"  >\n\t\t\t\t<div class=\"col-inner\"  >\n\t\t\t\n\t\t\t\n\n<h2><strong>Other amenities<\/strong><\/h2>\n<div class=\"row align-middle align-center\"  id=\"row-1446802537\">\n\n\n\t<div id=\"col-989167331\" class=\"col small-12 large-12\"  >\n\t\t\t\t<div class=\"col-inner text-center\" style=\"background-color:#0a0a0a;\" >\n\t\t\t\n\t\t\t\n\n\t<div class=\"box has-hover   has-hover box-vertical box-text-bottom\" >\n\n\t\t<div class=\"box-image\" style=\"border-radius:10%;width:20%;\">\n\t\t\t<a href=\"\/en\/thong-tin-ty-gia\/\" >\t\t\t<div class=\"\" >\n\t\t\t\t<img loading=\"lazy\" decoding=\"async\" width=\"1000\" height=\"1000\" src=\"https:\/\/www.galaxyoffice.vn\/wp-content\/uploads\/2024\/04\/Tien-ich-icon.png\" class=\"attachment- size-\" alt=\"\" srcset=\"https:\/\/www.galaxyoffice.vn\/wp-content\/uploads\/2024\/04\/Tien-ich-icon.png 1000w, https:\/\/www.galaxyoffice.vn\/wp-content\/uploads\/2024\/04\/Tien-ich-icon-300x300.png 300w, https:\/\/www.galaxyoffice.vn\/wp-content\/uploads\/2024\/04\/Tien-ich-icon-150x150.png 150w, https:\/\/www.galaxyoffice.vn\/wp-content\/uploads\/2024\/04\/Tien-ich-icon-768x768.png 768w\" sizes=\"(max-width: 1000px) 100vw, 1000px\" \/>\t\t\t\t\t\t\t\t\t\t\t<\/div>\n\t\t\t<\/a>\t\t<\/div>\n\n\t\t<div class=\"box-text text-center dark\" >\n\t\t\t<div class=\"box-text-inner\">\n\t\t\t\t\n\n<h4>Exchange Rates<\/h4>\n\n\t\t\t<\/div>\n\t\t<\/div>\n\t<\/div>\n\t\n\n\t\t<\/div>\n\t\t\t\t\n<style>\n#col-989167331 > .col-inner {\n  padding: 7px 0px 7px 10px;\n  margin: 0px 0px -15px 0px;\n  border-radius: 20px;\n}\n<\/style>\n\t<\/div>\n\n\t\n\n\t<div id=\"col-2097158880\" class=\"col small-12 large-12\"  >\n\t\t\t\t<div class=\"col-inner text-center\" style=\"background-color:#0a0a0a;\" >\n\t\t\t\n\t\t\t\n\n\t<div class=\"box has-hover   has-hover box-vertical box-text-bottom\" >\n\n\t\t<div class=\"box-image\" style=\"border-radius:10%;width:20%;\">\n\t\t\t<a href=\"\/en\/lich-van-nien\/\" >\t\t\t<div class=\"\" >\n\t\t\t\t<img loading=\"lazy\" decoding=\"async\" width=\"1000\" height=\"1000\" src=\"https:\/\/www.galaxyoffice.vn\/wp-content\/uploads\/2024\/04\/Tien-ich-icon-1.png\" class=\"attachment- size-\" alt=\"\" srcset=\"https:\/\/www.galaxyoffice.vn\/wp-content\/uploads\/2024\/04\/Tien-ich-icon-1.png 1000w, https:\/\/www.galaxyoffice.vn\/wp-content\/uploads\/2024\/04\/Tien-ich-icon-1-300x300.png 300w, https:\/\/www.galaxyoffice.vn\/wp-content\/uploads\/2024\/04\/Tien-ich-icon-1-150x150.png 150w, https:\/\/www.galaxyoffice.vn\/wp-content\/uploads\/2024\/04\/Tien-ich-icon-1-768x768.png 768w\" sizes=\"(max-width: 1000px) 100vw, 1000px\" \/>\t\t\t\t\t\t\t\t\t\t\t<\/div>\n\t\t\t<\/a>\t\t<\/div>\n\n\t\t<div class=\"box-text text-center dark\" >\n\t\t\t<div class=\"box-text-inner\">\n\t\t\t\t\n\n<h4>Perpetual Cal<\/h4>\n\n\t\t\t<\/div>\n\t\t<\/div>\n\t<\/div>\n\t\n\n\t\t<\/div>\n\t\t\t\t\n<style>\n#col-2097158880 > .col-inner {\n  padding: 7px 0px 7px 10px;\n  margin: 0px 0px -15px 0px;\n  border-radius: 20px;\n}\n<\/style>\n\t<\/div>\n\n\t\n\n\t<div id=\"col-573637437\" class=\"col small-12 large-12\"  >\n\t\t\t\t<div class=\"col-inner text-center\" style=\"background-color:#0a0a0a;\" >\n\t\t\t\n\t\t\t\n\n\t<div class=\"box has-hover   has-hover box-vertical box-text-bottom\" >\n\n\t\t<div class=\"box-image\" style=\"border-radius:10%;width:20%;\">\n\t\t\t<a href=\"\/en\/xem-phong-thuy\/\" >\t\t\t<div class=\"\" >\n\t\t\t\t<img loading=\"lazy\" decoding=\"async\" width=\"1000\" height=\"1000\" src=\"https:\/\/www.galaxyoffice.vn\/wp-content\/uploads\/2024\/04\/Tien-ich-icon-2.png\" class=\"attachment- size-\" alt=\"\" srcset=\"https:\/\/www.galaxyoffice.vn\/wp-content\/uploads\/2024\/04\/Tien-ich-icon-2.png 1000w, https:\/\/www.galaxyoffice.vn\/wp-content\/uploads\/2024\/04\/Tien-ich-icon-2-300x300.png 300w, https:\/\/www.galaxyoffice.vn\/wp-content\/uploads\/2024\/04\/Tien-ich-icon-2-150x150.png 150w, https:\/\/www.galaxyoffice.vn\/wp-content\/uploads\/2024\/04\/Tien-ich-icon-2-768x768.png 768w\" sizes=\"(max-width: 1000px) 100vw, 1000px\" \/>\t\t\t\t\t\t\t\t\t\t\t<\/div>\n\t\t\t<\/a>\t\t<\/div>\n\n\t\t<div class=\"box-text text-center dark\" >\n\t\t\t<div class=\"box-text-inner\">\n\t\t\t\t\n\n<h4>Feng Shui Reading<\/h4>\n\n\t\t\t<\/div>\n\t\t<\/div>\n\t<\/div>\n\t\n\n\t\t<\/div>\n\t\t\t\t\n<style>\n#col-573637437 > .col-inner {\n  padding: 7px 0px 7px 10px;\n  border-radius: 20px;\n}\n<\/style>\n\t<\/div>\n\n\t\n\n<\/div>\n\n\t\t<\/div>\n\t\t\t\t\t<\/div>\n\n\t\n\n<\/div>\n\n\t\t<\/div>\n\n\t\t\n<style>\n#section_39481232 {\n  padding-top: 30px;\n  padding-bottom: 30px;\n}\n<\/style>\n\t<\/section>","protected":false},"excerpt":{"rendered":"","protected":false},"author":1,"featured_media":0,"parent":0,"menu_order":0,"comment_status":"closed","ping_status":"closed","template":"page-blank.php","meta":{"footnotes":""},"acf":[],"yoast_head":"<!-- This site is optimized with the Yoast SEO plugin v21.5 - https:\/\/yoast.com\/wordpress\/plugins\/seo\/ -->\n<title>T\u00ednh to\u00e1n di\u1ec7n t\u00edch thu\u00ea | Galaxy Office<\/title>\n<meta name=\"robots\" content=\"index, follow, max-snippet:-1, max-image-preview:large, max-video-preview:-1\" \/>\n<link rel=\"canonical\" href=\"https:\/\/www.galaxyoffice.vn\/en\/tinh-toan-dien-tich-thue\/\" \/>\n<meta property=\"og:locale\" content=\"en_US\" \/>\n<meta property=\"og:type\" content=\"article\" \/>\n<meta property=\"og:title\" content=\"T\u00ednh to\u00e1n di\u1ec7n t\u00edch thu\u00ea | Galaxy Office\" \/>\n<meta property=\"og:url\" content=\"https:\/\/www.galaxyoffice.vn\/en\/tinh-toan-dien-tich-thue\/\" \/>\n<meta property=\"og:site_name\" content=\"Galaxy Office\" \/>\n<meta property=\"article:publisher\" content=\"https:\/\/www.facebook.com\/galaxyofficevn\" \/>\n<meta property=\"article:modified_time\" content=\"2024-04-11T16:20:06+00:00\" \/>\n<meta property=\"og:image\" content=\"https:\/\/www.galaxyoffice.vn\/wp-content\/uploads\/2023\/12\/GA.png\" \/>\n\t<meta property=\"og:image:width\" content=\"1000\" \/>\n\t<meta property=\"og:image:height\" content=\"1000\" \/>\n\t<meta property=\"og:image:type\" content=\"image\/png\" \/>\n<meta name=\"twitter:card\" content=\"summary_large_image\" \/>\n<meta name=\"twitter:label1\" content=\"Est. reading time\" \/>\n\t<meta name=\"twitter:data1\" content=\"1 minute\" \/>\n<script type=\"application\/ld+json\" class=\"yoast-schema-graph\">{\"@context\":\"https:\/\/schema.org\",\"@graph\":[{\"@type\":\"WebPage\",\"@id\":\"https:\/\/www.galaxyoffice.vn\/tinh-toan-dien-tich-thue\/\",\"url\":\"https:\/\/www.galaxyoffice.vn\/tinh-toan-dien-tich-thue\/\",\"name\":\"T\u00ednh to\u00e1n di\u1ec7n t\u00edch thu\u00ea | Galaxy Office\",\"isPartOf\":{\"@id\":\"https:\/\/www.galaxyoffice.vn\/#website\"},\"datePublished\":\"2024-04-11T10:49:14+00:00\",\"dateModified\":\"2024-04-11T16:20:06+00:00\",\"breadcrumb\":{\"@id\":\"https:\/\/www.galaxyoffice.vn\/tinh-toan-dien-tich-thue\/#breadcrumb\"},\"inLanguage\":\"en-US\",\"potentialAction\":[{\"@type\":\"ReadAction\",\"target\":[\"https:\/\/www.galaxyoffice.vn\/tinh-toan-dien-tich-thue\/\"]}]},{\"@type\":\"BreadcrumbList\",\"@id\":\"https:\/\/www.galaxyoffice.vn\/tinh-toan-dien-tich-thue\/#breadcrumb\",\"itemListElement\":[{\"@type\":\"ListItem\",\"position\":1,\"name\":\"Trang ch\u1ee7\",\"item\":\"https:\/\/www.galaxyoffice.vn\/\"},{\"@type\":\"ListItem\",\"position\":2,\"name\":\"T\u00ednh to\u00e1n di\u1ec7n t\u00edch thu\u00ea\"}]},{\"@type\":\"WebSite\",\"@id\":\"https:\/\/www.galaxyoffice.vn\/#website\",\"url\":\"https:\/\/www.galaxyoffice.vn\/\",\"name\":\"Galaxy Office | Cho thu\u00ea v\u0103n ph\u00f2ng TPHCM\",\"description\":\"Cho thu\u00ea v\u0103n ph\u00f2ng\",\"publisher\":{\"@id\":\"https:\/\/www.galaxyoffice.vn\/#organization\"},\"alternateName\":\"Galaxy Office\",\"potentialAction\":[{\"@type\":\"SearchAction\",\"target\":{\"@type\":\"EntryPoint\",\"urlTemplate\":\"https:\/\/www.galaxyoffice.vn\/?s={search_term_string}\"},\"query-input\":\"required name=search_term_string\"}],\"inLanguage\":\"en-US\"},{\"@type\":\"Organization\",\"@id\":\"https:\/\/www.galaxyoffice.vn\/#organization\",\"name\":\"Galaxy Office | Cho thu\u00ea v\u0103n ph\u00f2ng TPHCM\",\"alternateName\":\"Galaxy Office\",\"url\":\"https:\/\/www.galaxyoffice.vn\/\",\"logo\":{\"@type\":\"ImageObject\",\"inLanguage\":\"en-US\",\"@id\":\"https:\/\/www.galaxyoffice.vn\/#\/schema\/logo\/image\/\",\"url\":\"https:\/\/www.galaxyoffice.vn\/wp-content\/uploads\/2023\/11\/GalaxyArtboard-1logo_NOBG-e1700366593952.png\",\"contentUrl\":\"https:\/\/www.galaxyoffice.vn\/wp-content\/uploads\/2023\/11\/GalaxyArtboard-1logo_NOBG-e1700366593952.png\",\"width\":2517,\"height\":1090,\"caption\":\"Galaxy Office | Cho thu\u00ea v\u0103n ph\u00f2ng TPHCM\"},\"image\":{\"@id\":\"https:\/\/www.galaxyoffice.vn\/#\/schema\/logo\/image\/\"},\"sameAs\":[\"https:\/\/www.facebook.com\/galaxyofficevn\",\"https:\/\/www.linkedin.com\/company\/galaxy-office\"]}]}<\/script>\n<!-- \/ Yoast SEO plugin. -->","yoast_head_json":{"title":"T\u00ednh to\u00e1n di\u1ec7n t\u00edch thu\u00ea | Galaxy Office","robots":{"index":"index","follow":"follow","max-snippet":"max-snippet:-1","max-image-preview":"max-image-preview:large","max-video-preview":"max-video-preview:-1"},"canonical":"https:\/\/www.galaxyoffice.vn\/en\/tinh-toan-dien-tich-thue\/","og_locale":"en_US","og_type":"article","og_title":"T\u00ednh to\u00e1n di\u1ec7n t\u00edch thu\u00ea | Galaxy Office","og_url":"https:\/\/www.galaxyoffice.vn\/en\/tinh-toan-dien-tich-thue\/","og_site_name":"Galaxy Office","article_publisher":"https:\/\/www.facebook.com\/galaxyofficevn","article_modified_time":"2024-04-11T16:20:06+00:00","og_image":[{"width":1000,"height":1000,"url":"https:\/\/www.galaxyoffice.vn\/wp-content\/uploads\/2023\/12\/GA.png","type":"image\/png"}],"twitter_card":"summary_large_image","twitter_misc":{"Est. reading time":"1 minute"},"schema":{"@context":"https:\/\/schema.org","@graph":[{"@type":"WebPage","@id":"https:\/\/www.galaxyoffice.vn\/tinh-toan-dien-tich-thue\/","url":"https:\/\/www.galaxyoffice.vn\/tinh-toan-dien-tich-thue\/","name":"T\u00ednh to\u00e1n di\u1ec7n t\u00edch thu\u00ea | Galaxy Office","isPartOf":{"@id":"https:\/\/www.galaxyoffice.vn\/#website"},"datePublished":"2024-04-11T10:49:14+00:00","dateModified":"2024-04-11T16:20:06+00:00","breadcrumb":{"@id":"https:\/\/www.galaxyoffice.vn\/tinh-toan-dien-tich-thue\/#breadcrumb"},"inLanguage":"en-US","potentialAction":[{"@type":"ReadAction","target":["https:\/\/www.galaxyoffice.vn\/tinh-toan-dien-tich-thue\/"]}]},{"@type":"BreadcrumbList","@id":"https:\/\/www.galaxyoffice.vn\/tinh-toan-dien-tich-thue\/#breadcrumb","itemListElement":[{"@type":"ListItem","position":1,"name":"Trang ch\u1ee7","item":"https:\/\/www.galaxyoffice.vn\/"},{"@type":"ListItem","position":2,"name":"T\u00ednh to\u00e1n di\u1ec7n t\u00edch thu\u00ea"}]},{"@type":"WebSite","@id":"https:\/\/www.galaxyoffice.vn\/#website","url":"https:\/\/www.galaxyoffice.vn\/","name":"Galaxy Office | Cho thu\u00ea v\u0103n ph\u00f2ng TPHCM","description":"Cho thu\u00ea v\u0103n ph\u00f2ng","publisher":{"@id":"https:\/\/www.galaxyoffice.vn\/#organization"},"alternateName":"Galaxy Office","potentialAction":[{"@type":"SearchAction","target":{"@type":"EntryPoint","urlTemplate":"https:\/\/www.galaxyoffice.vn\/?s={search_term_string}"},"query-input":"required name=search_term_string"}],"inLanguage":"en-US"},{"@type":"Organization","@id":"https:\/\/www.galaxyoffice.vn\/#organization","name":"Galaxy Office | Cho thu\u00ea v\u0103n ph\u00f2ng TPHCM","alternateName":"Galaxy Office","url":"https:\/\/www.galaxyoffice.vn\/","logo":{"@type":"ImageObject","inLanguage":"en-US","@id":"https:\/\/www.galaxyoffice.vn\/#\/schema\/logo\/image\/","url":"https:\/\/www.galaxyoffice.vn\/wp-content\/uploads\/2023\/11\/GalaxyArtboard-1logo_NOBG-e1700366593952.png","contentUrl":"https:\/\/www.galaxyoffice.vn\/wp-content\/uploads\/2023\/11\/GalaxyArtboard-1logo_NOBG-e1700366593952.png","width":2517,"height":1090,"caption":"Galaxy Office | Cho thu\u00ea v\u0103n ph\u00f2ng TPHCM"},"image":{"@id":"https:\/\/www.galaxyoffice.vn\/#\/schema\/logo\/image\/"},"sameAs":["https:\/\/www.facebook.com\/galaxyofficevn","https:\/\/www.linkedin.com\/company\/galaxy-office"]}]}},"_links":{"self":[{"href":"https:\/\/www.galaxyoffice.vn\/en\/wp-json\/wp\/v2\/pages\/18411"}],"collection":[{"href":"https:\/\/www.galaxyoffice.vn\/en\/wp-json\/wp\/v2\/pages"}],"about":[{"href":"https:\/\/www.galaxyoffice.vn\/en\/wp-json\/wp\/v2\/types\/page"}],"author":[{"embeddable":true,"href":"https:\/\/www.galaxyoffice.vn\/en\/wp-json\/wp\/v2\/users\/1"}],"replies":[{"embeddable":true,"href":"https:\/\/www.galaxyoffice.vn\/en\/wp-json\/wp\/v2\/comments?post=18411"}],"version-history":[{"count":8,"href":"https:\/\/www.galaxyoffice.vn\/en\/wp-json\/wp\/v2\/pages\/18411\/revisions"}],"predecessor-version":[{"id":18422,"href":"https:\/\/www.galaxyoffice.vn\/en\/wp-json\/wp\/v2\/pages\/18411\/revisions\/18422"}],"wp:attachment":[{"href":"https:\/\/www.galaxyoffice.vn\/en\/wp-json\/wp\/v2\/media?parent=18411"}],"curies":[{"name":"wp","href":"https:\/\/api.w.org\/{rel}","templated":true}]}}